{"id":10,"date":"2021-02-06T13:07:02","date_gmt":"2021-02-06T12:07:02","guid":{"rendered":"http:\/\/transidenticlic.com\/?page_id=10"},"modified":"2023-09-12T17:20:28","modified_gmt":"2023-09-12T15:20:28","slug":"orientation-ressources","status":"publish","type":"page","link":"https:\/\/transidenticlic.com\/index.php\/orientation-ressources\/","title":{"rendered":"Orientation \/ Ressources"},"content":{"rendered":"<style>\/*! elementor - v3.16.0 - 12-09-2023 *\/\n.elementor-toggle{text-align:left}.elementor-toggle .elementor-tab-title{font-weight:700;line-height:1;margin:0;padding:15px;border-bottom:1px solid #d5d8dc;cursor:pointer;outline:none}.elementor-toggle .elementor-tab-title .elementor-toggle-icon{display:inline-block;width:1em}.elementor-toggle .elementor-tab-title .elementor-toggle-icon svg{margin-inline-start:-5px;width:1em;height:1em}.elementor-toggle .elementor-tab-title .elementor-toggle-icon.elementor-toggle-icon-right{float:right;text-align:right}.elementor-toggle .elementor-tab-title .elementor-toggle-icon.elementor-toggle-icon-left{float:left;text-align:left}.elementor-toggle .elementor-tab-title .elementor-toggle-icon .elementor-toggle-icon-closed{display:block}.elementor-toggle .elementor-tab-title .elementor-toggle-icon .elementor-toggle-icon-opened{display:none}.elementor-toggle .elementor-tab-title.elementor-active{border-bottom:none}.elementor-toggle .elementor-tab-title.elementor-active .elementor-toggle-icon-closed{display:none}.elementor-toggle .elementor-tab-title.elementor-active .elementor-toggle-icon-opened{display:block}.elementor-toggle .elementor-tab-content{padding:15px;border-bottom:1px solid #d5d8dc;display:none}@media (max-width:767px){.elementor-toggle .elementor-tab-title{padding:12px}.elementor-toggle .elementor-tab-content{padding:12px 10px}}.e-con-inner>.elementor-widget-toggle,.e-con>.elementor-widget-toggle{width:var(--container-widget-width);--flex-grow:var(--container-widget-flex-grow)}<\/style>\n<p>\t\t\t\t\t\t\t\t\t\t\t\t<a tabindex=\"0\">Associations<\/a><\/p>\n<ul>\n<li><a href=\"https:\/\/ant-france.eu\/\">Association Nationale Transgenre<\/a> (Paris)<\/li>\n<li><a href=\"https:\/\/www.acceptess-t.com\/\">Acceptess-T<\/a> (Paris)<\/li>\n<li><a href=\"https:\/\/www.acthe.fr\/accueil\/\">Acth\u00e9<\/a> (Paris)<\/li>\n<li><a href=\"https:\/\/www.cestpasmongenre.com\/\">C&rsquo;est pas mon genre! <\/a>(Lille)<\/li>\n<li><a href=\"https:\/\/www.chrysalide-asso.fr\/\">Chrysalide<\/a> (Lyon)<\/li>\n<li><a href=\"https:\/\/www.helloasso.com\/associations\/clar-t\">Clar-T<\/a> (Toulouse)<\/li>\n<li><a href=\"https:\/\/en-trans.org\/\">En-Trans<\/a> (Lille)<\/li>\n<li><a href=\"https:\/\/espacesantetrans.fr\/\">Espace Sant\u00e9 Trans<\/a> (Paris)<\/li>\n<li><a href=\"https:\/\/fransgenre.fr\/\">Fransgenre<\/a><\/li>\n<li><a href=\"https:\/\/ouesttrans.wixsite.com\/ouesttrans\">Ouest Trans<\/a> (Rennes)<\/li>\n<li><a href=\"https:\/\/outrans.org\/\">OuTrans<\/a> (Paris)<\/li>\n<li><a href=\"https:\/\/reboo-t.wixsite.com\/reboo-t\">Reboo-T<\/a> (Nantes)<\/li>\n<li><a href=\"https:\/\/rita.poivron.org\/\">Rita<\/a> (Grenoble)<\/li>\n<li><a href=\"https:\/\/www.t-time.net\/\">T-time<\/a> (Marseille)<\/li>\n<li><a href=\"https:\/\/trans-inter-action.fr\/\">Trans Inter Action<\/a> (Nantes)<\/li>\n<li><a href=\"https:\/\/transpos\u00e9es.eu\/\">Trans Pos\u00e9\u00b7e\u00b7s <\/a>(Tours)<\/li>\n<li><a href=\"http:\/\/facebook.com\/TransatAsso\">Transat<\/a> (Marseille)<\/li>\n<\/ul>\n<p>Carte des associations r\u00e9alis\u00e9e par <a href=\"https:\/\/wikitrans.co\/carte\/\">Wikitrans<\/a> :\u00a0 <br \/><iframe loading=\"lazy\" src=\"https:\/\/www.google.com\/maps\/d\/embed?mid=1I1X4EvLMXgqKT7vmkLbAwYysBnBQ2W1S&amp;ehbc=2E312F\" width=\"640\" height=\"480\"><\/iframe><\/p>\n<p>\t\t\t\t\t\t\t\t\t\t\t\t<a tabindex=\"0\">Praticien\u00b7nes safes<\/a><\/p>\n<ul>\n<li><a href=\"https:\/\/bddtrans.julialblnd.fr\/\">Base de donn\u00e9es Trans<\/a> : outil de recherche de praticien\u00b7nes<\/li>\n<li><a href=\"https:\/\/fransgenre.fr\/#carte\">Carte collaborative des praticien\u2027ne\u2027s trans-friendly de Fransgenre<\/a> (sur demande)<\/li>\n<\/ul>\n<p>\t\t\t\t\t\t\t\t\t\t\t\t<a tabindex=\"0\">R\u00e9seaux de soin Transfriendly<\/a><\/p>\n<ul>\n<li><a href=\"https:\/\/www.femas-hdf.fr\/msp-hauts-de-france\/mds-de-lille-moulins\/\">Maison Dispers\u00e9e de Sant\u00e9<\/a> (Lille)<\/li>\n<li><a href=\"https:\/\/reseausantetrans.wixsite.com\/rest\">R\u00e9seau Sant\u00e9 Trans<\/a> (Rennes)<\/li>\n<\/ul>\n<p>\t\t\t\t\t\t\t\t\t\t\t\t<a tabindex=\"0\">D\u00e9marches administratives<\/a><\/p>\n<ul>\n<li><a href=\"https:\/\/administrans.fr\/a-propos\">Administrans<\/a> : site d&rsquo;aide \u00e0 la r\u00e9alisation des d\u00e9marches administratives officielles\u00a0<\/li>\n<\/ul>\n","protected":false},"excerpt":{"rendered":"<p>Associations Association Nationale Transgenre (Paris) Acceptess-T (Paris) Acth\u00e9 (Paris) C&rsquo;est pas mon genre! (Lille) Chrysalide (Lyon) Clar-T (Toulouse) En-Trans (Lille) Espace Sant\u00e9 Trans (Paris) Fransgenre Ouest Trans (Rennes) OuTrans (Paris) Reboo-T (Nantes) Rita (Grenoble) T-time (Marseille) Trans Inter Action (Nantes) Trans Pos\u00e9\u00b7e\u00b7s (Tours) Transat (Marseille) Carte des associations r\u00e9alis\u00e9e par Wikitrans :\u00a0 Praticien\u00b7nes safes Base [&hellip;]<\/p>\n","protected":false},"author":1,"featured_media":0,"parent":0,"menu_order":0,"comment_status":"closed","ping_status":"closed","template":"","meta":{"_seopress_robots_primary_cat":"","_seopress_titles_title":"%%post_title%% %%sep%% %%sitetitle%%","_seopress_titles_desc":"Ressources communautaires, r\u00e9seaux de soin et associatif en rapport avec la transidentit\u00e9","_seopress_robots_index":"","ocean_post_layout":"","ocean_both_sidebars_style":"","ocean_both_sidebars_content_width":0,"ocean_both_sidebars_sidebars_width":0,"ocean_sidebar":"0","ocean_second_sidebar":"0","ocean_disable_margins":"enable","ocean_add_body_class":"","ocean_shortcode_before_top_bar":"","ocean_shortcode_after_top_bar":"","ocean_shortcode_before_header":"","ocean_shortcode_after_header":"","ocean_has_shortcode":"","ocean_shortcode_after_title":"","ocean_shortcode_before_footer_widgets":"","ocean_shortcode_after_footer_widgets":"","ocean_shortcode_before_footer_bottom":"","ocean_shortcode_after_footer_bottom":"","ocean_display_top_bar":"default","ocean_display_header":"default","ocean_header_style":"","ocean_center_header_left_menu":"0","ocean_custom_header_template":"0","ocean_custom_logo":0,"ocean_custom_retina_logo":0,"ocean_custom_logo_max_width":0,"ocean_custom_logo_tablet_max_width":0,"ocean_custom_logo_mobile_max_width":0,"ocean_custom_logo_max_height":0,"ocean_custom_logo_tablet_max_height":0,"ocean_custom_logo_mobile_max_height":0,"ocean_header_custom_menu":"0","ocean_menu_typo_font_family":"0","ocean_menu_typo_font_subset":"","ocean_menu_typo_font_size":0,"ocean_menu_typo_font_size_tablet":0,"ocean_menu_typo_font_size_mobile":0,"ocean_menu_typo_font_size_unit":"px","ocean_menu_typo_font_weight":"","ocean_menu_typo_font_weight_tablet":"","ocean_menu_typo_font_weight_mobile":"","ocean_menu_typo_transform":"","ocean_menu_typo_transform_tablet":"","ocean_menu_typo_transform_mobile":"","ocean_menu_typo_line_height":0,"ocean_menu_typo_line_height_tablet":0,"ocean_menu_typo_line_height_mobile":0,"ocean_menu_typo_line_height_unit":"","ocean_menu_typo_spacing":0,"ocean_menu_typo_spacing_tablet":0,"ocean_menu_typo_spacing_mobile":0,"ocean_menu_typo_spacing_unit":"","ocean_menu_link_color":"","ocean_menu_link_color_hover":"","ocean_menu_link_color_active":"","ocean_menu_link_background":"","ocean_menu_link_hover_background":"","ocean_menu_link_active_background":"","ocean_menu_social_links_bg":"","ocean_menu_social_hover_links_bg":"","ocean_menu_social_links_color":"","ocean_menu_social_hover_links_color":"","ocean_disable_title":"default","ocean_disable_heading":"default","ocean_post_title":"","ocean_post_subheading":"","ocean_post_title_style":"","ocean_post_title_background_color":"","ocean_post_title_background":0,"ocean_post_title_bg_image_position":"","ocean_post_title_bg_image_attachment":"","ocean_post_title_bg_image_repeat":"","ocean_post_title_bg_image_size":"","ocean_post_title_height":0,"ocean_post_title_bg_overlay":0.5,"ocean_post_title_bg_overlay_color":"","ocean_disable_breadcrumbs":"default","ocean_breadcrumbs_color":"","ocean_breadcrumbs_separator_color":"","ocean_breadcrumbs_links_color":"","ocean_breadcrumbs_links_hover_color":"","ocean_display_footer_widgets":"default","ocean_display_footer_bottom":"default","ocean_custom_footer_template":"0","footnotes":""},"class_list":["post-10","page","type-page","status-publish","hentry","entry"],"_links":{"self":[{"href":"https:\/\/transidenticlic.com\/index.php\/wp-json\/wp\/v2\/pages\/10","targetHints":{"allow":["GET"]}}],"collection":[{"href":"https:\/\/transidenticlic.com\/index.php\/wp-json\/wp\/v2\/pages"}],"about":[{"href":"https:\/\/transidenticlic.com\/index.php\/wp-json\/wp\/v2\/types\/page"}],"author":[{"embeddable":true,"href":"https:\/\/transidenticlic.com\/index.php\/wp-json\/wp\/v2\/users\/1"}],"replies":[{"embeddable":true,"href":"https:\/\/transidenticlic.com\/index.php\/wp-json\/wp\/v2\/comments?post=10"}],"version-history":[{"count":110,"href":"https:\/\/transidenticlic.com\/index.php\/wp-json\/wp\/v2\/pages\/10\/revisions"}],"predecessor-version":[{"id":2552,"href":"https:\/\/transidenticlic.com\/index.php\/wp-json\/wp\/v2\/pages\/10\/revisions\/2552"}],"wp:attachment":[{"href":"https:\/\/transidenticlic.com\/index.php\/wp-json\/wp\/v2\/media?parent=10"}],"curies":[{"name":"wp","href":"https:\/\/api.w.org\/{rel}","templated":true}]}}