{"id":109,"date":"2021-02-06T18:56:00","date_gmt":"2021-02-06T17:56:00","guid":{"rendered":"http:\/\/transidenticlic.com\/?page_id=109"},"modified":"2023-05-14T14:31:47","modified_gmt":"2023-05-14T12:31:47","slug":"lexique","status":"publish","type":"page","link":"https:\/\/transidenticlic.com\/index.php\/lexique\/","title":{"rendered":"Lexique"},"content":{"rendered":"\n<ul class=\"wp-block-list\">\n<li><strong>Assign\u00e9-e \u00e0 la naissance<\/strong> : se dit en parlant du genre qui a \u00e9t\u00e9 attribu\u00e9 par l\u2019\u00e9tat civil \u00e0 la naissance<\/li>\n\n\n\n<li><strong>Autod\u00e9termination (droit \u00e0 l&rsquo;)<\/strong> : principe selon lequel chaque personne d\u00e9termine librement son genre<\/li>\n\n\n\n<li><strong>Cis \/ Cisgenre<\/strong> : personne qui s&rsquo;identifie au genre lui ayant \u00e9t\u00e9 attribu\u00e9 \u00e0 la naissance<\/li>\n\n\n\n<li><strong>Cissexisme<\/strong> : partir du principe que tel corps correspond \u00e0 telle identit\u00e9 de genre (par exemple pr\u00e9-supposer qu&rsquo;une personne d&rsquo;apparence masculine est un homme et inversement)<\/li>\n\n\n\n<li><strong>Coming-out<\/strong> : r\u00e9v\u00e9lation de la transidentit\u00e9 de mani\u00e8re publique<\/li>\n\n\n\n<li><strong>Deadname<\/strong> : pr\u00e9nom assign\u00e9 \u00e0 la naissance (connotation de fardeau, \u00e0 ne surtout pas utiliser)<\/li>\n\n\n\n<li><strong>Dicklit<\/strong> : d\u00e9veloppement du clitoris sous l&rsquo;action de la testost\u00e9rone <\/li>\n\n\n\n<li><strong>Dysphorie de genre <\/strong>: terme employ\u00e9 dans le <a href=\"https:\/\/www.msdmanuals.com\/fr\/professional\/troubles-psychiatriques\/sexualit%C3%A9-dysphorie-de-genre-et-paraphilies\/dysphorie-de-genre-et-transsexualisme\">DSM V<\/a>, d\u00e9signant l&rsquo;inconfort ou la d\u00e9tresse ressenti par une personne trans lorsque son genre per\u00e7u par la soci\u00e9t\u00e9 et\/ou assign\u00e9 \u00e0 la naissance diff\u00e8re de son identit\u00e9 de genre. N&rsquo;est absolument pas syst\u00e9matique, ni n\u00e9cessaire et ni suffisante pour d\u00e9terminer l&rsquo;acc\u00e8s \u00e9ventuel \u00e0 une hormonoth\u00e9rapie et\/ou une chirurgie.<\/li>\n\n\n\n<li><strong>Expression de genre<\/strong> : fa\u00e7on dont les personnes expriment leur identit\u00e9 de genre, bas\u00e9e sur des st\u00e9r\u00e9otypes de genre (par exemple un homme peut avoir une apparence correspondant aux st\u00e9r\u00e9otypes f\u00e9minins de la soci\u00e9t\u00e9)<\/li>\n\n\n\n<li><strong>Femme trans \/ personne transf\u00e9minine<\/strong> : personne assign\u00e9e homme \u00e0 la naissance et s\u2019identifiant comme femme. On s&rsquo;adresse \u00e0 elle au f\u00e9minin.<\/li>\n\n\n\n<li><strong>Genre<\/strong> :  construction sociale s\u2019appuyant sur l&rsquo;assignation arbitraire du genre \u00e0 la naissance, o\u00f9 dans notre soci\u00e9t\u00e9 occidentale actuelle le lien est fait entre les organes g\u00e9nitaux \/ la sexuation \/ les go\u00fbts \/ les comportements etc. Les \u00e9tudes de genre ont montr\u00e9 que si les genres masculins et f\u00e9minins sont pr\u00e9dominants dans nos soci\u00e9t\u00e9s, il n\u2019en reste pas moins qu\u2019ils ne sont pas les seuls. <\/li>\n\n\n\n<li><strong>Homme trans \/ personne transmasculine<\/strong> : personne assign\u00e9e femme \u00e0 la naissance et s\u2019identifiant comme homme. On s&rsquo;adresse \u00e0 lui au masculin.<\/li>\n\n\n\n<li><strong>Identit\u00e9 de genre<\/strong> : exp\u00e9rience individuelle du genre d\u2019une personne, qui peut correspondre ou non \u00e0 son genre assign\u00e9 \u00e0 la naissance <\/li>\n\n\n\n<li><strong>Iel<\/strong> : exemple de pronom neutre parfois utilis\u00e9 par les personnes non binaires<\/li>\n\n\n\n<li><strong>LGBTQ+<\/strong> : acronyme faisant r\u00e9f\u00e9rence aux personnes s\u2019identifiant comme lesbiennes, gaies, bisexuelles, transgenres ou queer.&nbsp;Le + inclus les&nbsp;autres identit\u00e9s et orientations.<\/li>\n\n\n\n<li><strong>M\u00e9genrer<\/strong> : utiliser le mauvais pronom ou les mauvais accords de genre en parlant d\u2019une personne, par ignorance, oubli ou m\u00e9chancet\u00e9<\/li>\n\n\n\n<li><strong>MTEV<\/strong> : maladie thrombo-embolique veineuse<\/li>\n\n\n\n<li><strong>Non-Binaire <\/strong>: Personne qui ne s\u2019identifie ni comme une femme ni comme un homme et qui navigue sur le spectre du genre<\/li>\n\n\n\n<li><strong>Outing<\/strong> \/ <strong>outer<\/strong> : d\u00e9signe le fait de r\u00e9v\u00e9ler la transidentit\u00e9 d&rsquo;une personne  sans son consentement, la mettant de facto en danger<\/li>\n\n\n\n<li><strong>Passing \/ Cispassing<\/strong> : action de \u201cpasser pour\u201d une personne cisgenre, bas\u00e9 sur les st\u00e9r\u00e9otypes de genre (par exemple le fait pour un homme trans d&rsquo;\u00eatre appel\u00e9 spontan\u00e9ment monsieur dans la rue)<\/li>\n\n\n\n<li><strong>THS<\/strong> : Traitement Hormonal Substitutif (ou hormonoth\u00e9rapie). Il est dit masculinisant dans le cas des hommes trans qui prennent de la testost\u00e9rone, et dit f\u00e9minisant dans le cas des femmes trans qui prennent des \u0153strog\u00e8nes +\/- des anti-androg\u00e8nes.<\/li>\n\n\n\n<li><strong>Transexuel\u22c5le<\/strong> : terme m\u00e9dical psychiatrique du XXe si\u00e8cle pathologisant \u00e0 ne pas utiliser, car r\u00e9duit la transition de genre au sexe, niant le c\u00f4t\u00e9 social<\/li>\n\n\n\n<li><strong>Transsexualisme<\/strong> : ancien terme extr\u00eamement pathologisant d\u00e9signant la transidentit\u00e9<\/li>\n\n\n\n<li><strong>Trans \/ Transgenre<\/strong> : personne ne s&rsquo;identifiant pas au genre qui lui a \u00e9t\u00e9 assign\u00e9 \u00e0 la naissance et qui peut r\u00e9aliser un parcours de transition social ou m\u00e9dical<\/li>\n\n\n\n<li><strong>Transidentit\u00e9<\/strong> : se dit pour d\u00e9signer une identit\u00e9 de genre diff\u00e9rente de celui assign\u00e9 \u00e0 la naissance<\/li>\n\n\n\n<li><strong>Transition<\/strong> : toute d\u00e9marche d&rsquo;affirmation de genre pour mettre son r\u00f4le de genre social, son expression de genre, son corps, \u00e9ventuellement son \u00e9tat civil, plus en phase avec son ressenti interne. N&rsquo;est pas obligatoire, quelle que soit la fa\u00e7on dont se pr\u00e9sente la personne<\/li>\n\n\n\n<li><strong>Transphobie<\/strong> : action niant, volontairement ou non, et avec ou sans v\u00e9h\u00e9mence, l&rsquo;identit\u00e9 d&rsquo;une personne qui ne correspond pas \u00e0 celle assign\u00e9e \u00e0 la naissance (par exemple m\u00e9genrer, dire que l&rsquo;on soigne des femmes enceintes alors qu&rsquo;il existe aussi des hommes et des personnes non binaires qui peuvent \u00eatre enceint<strong>\u22c5<\/strong>es)<\/li>\n<\/ul>\n\n\n\n<p><span style=\"text-decoration: underline;\">Sources<\/span> : <a href=\"https:\/\/transpos\u00e9es.eu\/a-propos:lexique\">Wikitrans<\/a>, <a href=\"https:\/\/outrans.org\/ressources\/lexique-outransien\/\">OuTrans<\/a>, <a href=\"https:\/\/www.chrysalide-asso.fr\/wp-content\/uploads\/2019\/10\/Chrysalide-Guide5.pdf\">Chrysalide<\/a>, <a href=\"https:\/\/www.facebook.com\/TransatAsso\/\">Transat<\/a> et <a href=\"https:\/\/www.queerparis.com\/fr\/lexique\/\">QueerParis<\/a><\/p>\n","protected":false},"excerpt":{"rendered":"<p>Sources : Wikitrans, OuTrans, Chrysalide, Transat et QueerParis<\/p>\n","protected":false},"author":1,"featured_media":0,"parent":0,"menu_order":0,"comment_status":"closed","ping_status":"closed","template":"","meta":{"_seopress_robots_primary_cat":"","_seopress_titles_title":"%%post_title%% %%sep%% %%sitetitle%%","_seopress_titles_desc":"Petit lexique pour aider \u00e0 la compr\u00e9hension du vocabulaire sp\u00e9cifique \u00e0 la transidentit\u00e9","_seopress_robots_index":"","ocean_post_layout":"","ocean_both_sidebars_style":"","ocean_both_sidebars_content_width":0,"ocean_both_sidebars_sidebars_width":0,"ocean_sidebar":"0","ocean_second_sidebar":"0","ocean_disable_margins":"enable","ocean_add_body_class":"","ocean_shortcode_before_top_bar":"","ocean_shortcode_after_top_bar":"","ocean_shortcode_before_header":"","ocean_shortcode_after_header":"","ocean_has_shortcode":"","ocean_shortcode_after_title":"","ocean_shortcode_before_footer_widgets":"","ocean_shortcode_after_footer_widgets":"","ocean_shortcode_before_footer_bottom":"","ocean_shortcode_after_footer_bottom":"","ocean_display_top_bar":"default","ocean_display_header":"default","ocean_header_style":"","ocean_center_header_left_menu":"0","ocean_custom_header_template":"0","ocean_custom_logo":0,"ocean_custom_retina_logo":0,"ocean_custom_logo_max_width":0,"ocean_custom_logo_tablet_max_width":0,"ocean_custom_logo_mobile_max_width":0,"ocean_custom_logo_max_height":0,"ocean_custom_logo_tablet_max_height":0,"ocean_custom_logo_mobile_max_height":0,"ocean_header_custom_menu":"0","ocean_menu_typo_font_family":"0","ocean_menu_typo_font_subset":"","ocean_menu_typo_font_size":0,"ocean_menu_typo_font_size_tablet":0,"ocean_menu_typo_font_size_mobile":0,"ocean_menu_typo_font_size_unit":"px","ocean_menu_typo_font_weight":"","ocean_menu_typo_font_weight_tablet":"","ocean_menu_typo_font_weight_mobile":"","ocean_menu_typo_transform":"","ocean_menu_typo_transform_tablet":"","ocean_menu_typo_transform_mobile":"","ocean_menu_typo_line_height":0,"ocean_menu_typo_line_height_tablet":0,"ocean_menu_typo_line_height_mobile":0,"ocean_menu_typo_line_height_unit":"","ocean_menu_typo_spacing":0,"ocean_menu_typo_spacing_tablet":0,"ocean_menu_typo_spacing_mobile":0,"ocean_menu_typo_spacing_unit":"","ocean_menu_link_color":"","ocean_menu_link_color_hover":"","ocean_menu_link_color_active":"","ocean_menu_link_background":"","ocean_menu_link_hover_background":"","ocean_menu_link_active_background":"","ocean_menu_social_links_bg":"","ocean_menu_social_hover_links_bg":"","ocean_menu_social_links_color":"","ocean_menu_social_hover_links_color":"","ocean_disable_title":"default","ocean_disable_heading":"default","ocean_post_title":"","ocean_post_subheading":"","ocean_post_title_style":"","ocean_post_title_background_color":"","ocean_post_title_background":0,"ocean_post_title_bg_image_position":"","ocean_post_title_bg_image_attachment":"","ocean_post_title_bg_image_repeat":"","ocean_post_title_bg_image_size":"","ocean_post_title_height":0,"ocean_post_title_bg_overlay":0.5,"ocean_post_title_bg_overlay_color":"","ocean_disable_breadcrumbs":"default","ocean_breadcrumbs_color":"","ocean_breadcrumbs_separator_color":"","ocean_breadcrumbs_links_color":"","ocean_breadcrumbs_links_hover_color":"","ocean_display_footer_widgets":"default","ocean_display_footer_bottom":"default","ocean_custom_footer_template":"0","footnotes":""},"class_list":["post-109","page","type-page","status-publish","hentry","entry"],"_links":{"self":[{"href":"https:\/\/transidenticlic.com\/index.php\/wp-json\/wp\/v2\/pages\/109","targetHints":{"allow":["GET"]}}],"collection":[{"href":"https:\/\/transidenticlic.com\/index.php\/wp-json\/wp\/v2\/pages"}],"about":[{"href":"https:\/\/transidenticlic.com\/index.php\/wp-json\/wp\/v2\/types\/page"}],"author":[{"embeddable":true,"href":"https:\/\/transidenticlic.com\/index.php\/wp-json\/wp\/v2\/users\/1"}],"replies":[{"embeddable":true,"href":"https:\/\/transidenticlic.com\/index.php\/wp-json\/wp\/v2\/comments?post=109"}],"version-history":[{"count":44,"href":"https:\/\/transidenticlic.com\/index.php\/wp-json\/wp\/v2\/pages\/109\/revisions"}],"predecessor-version":[{"id":2474,"href":"https:\/\/transidenticlic.com\/index.php\/wp-json\/wp\/v2\/pages\/109\/revisions\/2474"}],"wp:attachment":[{"href":"https:\/\/transidenticlic.com\/index.php\/wp-json\/wp\/v2\/media?parent=109"}],"curies":[{"name":"wp","href":"https:\/\/api.w.org\/{rel}","templated":true}]}}