{"id":2,"date":"2021-02-06T11:59:36","date_gmt":"2021-02-06T10:59:36","guid":{"rendered":"http:\/\/transidenticlic.com\/?page_id=2"},"modified":"2023-09-11T16:20:38","modified_gmt":"2023-09-11T14:20:38","slug":"page-d-exemple","status":"publish","type":"page","link":"https:\/\/transidenticlic.com\/","title":{"rendered":"Bienvenue sur Transidenticlic"},"content":{"rendered":"<p align=\"justify\">Transidenticlic est une bo\u00eete \u00e0 outils num\u00e9rique \u00e0 destination des professionnel\u00b7les de sant\u00e9 pour aider \u00e0 l\u2019accueil, l\u2019accompagnement et le suivi m\u00e9dical des patient\u00b7e\u00b7s transgenres, afin d\u2019assurer \u00e0 celleux-ci une prise en charge efficace, conforme aux derni\u00e8res donn\u00e9es de la science, bientraitante et respectueuse.<\/p>\n<p>Ce site a \u00e9t\u00e9 construit en collaboration avec les associations de personnes transgenres et les concern\u00e9\u00b7es, le but \u00e9tant de d\u00e9velopper un outil qui soit d\u2019un c\u00f4t\u00e9 efficace et facile d\u2019utilisation pour les praticien\u00b7nes et qui, de l\u2019autre, rende compte de la diversit\u00e9 des parcours des personnes transgenres et de leurs contraintes.<\/p>\n<p>\t\t\t<center>Derni\u00e8res modifications<\/center><br \/>\n\t\t\t\t\t\t\t<a href=\"https:\/\/i473ybezth.preview.infomaniak.website\/index.php\/traitement-hormonal-substitutif-masculinisant\/\">THS masculinisant<\/a> &#8211; 11 Septembre 2023<br \/>\n<a href=\"https:\/\/i473ybezth.preview.infomaniak.website\/index.php\/suivi-medical\/\">Suivi m\u00e9dical<\/a> &#8211; 11 Septembre 2023<br \/>\n<a href=\"https:\/\/i473ybezth.preview.infomaniak.website\/index.php\/traitement-hormonal-substitutif-feminisant\/\">THS f\u00e9minisant<\/a> &#8211; 11 Septembre 2023<br \/>\n\t\t\tAvertissement<br \/>\n\t\t\t\t\t\t\tLe contenu de ce site ne se substitue pas \u00e0 la responsabilit\u00e9 de d\u00e9cision et de prescription d&rsquo;un\u00b7e professionnel\u00b7le de sant\u00e9, les informations qui y sont mentionn\u00e9es sont \u00e0 titre indicatif et ne remplacent pas les conseils d&rsquo;un\u00b7e professionnel\u00b7le de sant\u00e9.<\/p>\n","protected":false},"excerpt":{"rendered":"<p>Transidenticlic est une bo\u00eete \u00e0 outils num\u00e9rique \u00e0 destination des professionnel\u00b7les de sant\u00e9 pour aider \u00e0 l\u2019accueil, l\u2019accompagnement et le suivi m\u00e9dical des patient\u00b7e\u00b7s transgenres, afin d\u2019assurer \u00e0 celleux-ci une prise en charge efficace, conforme aux derni\u00e8res donn\u00e9es de la science, bientraitante et respectueuse. Ce site a \u00e9t\u00e9 construit en collaboration avec les associations de [&hellip;]<\/p>\n","protected":false},"author":1,"featured_media":1984,"parent":0,"menu_order":0,"comment_status":"closed","ping_status":"open","template":"","meta":{"_seopress_robots_primary_cat":"","_seopress_titles_title":"%%post_title%% ","_seopress_titles_desc":"Bo\u00eete \u00e0 outils num\u00e9rique pour les professionnels de sant\u00e9 pour aider \u00e0 l\u2019accueil, accompagnement et suivi m\u00e9dical des patients transgenres ","_seopress_robots_index":"","ocean_post_layout":"","ocean_both_sidebars_style":"","ocean_both_sidebars_content_width":0,"ocean_both_sidebars_sidebars_width":0,"ocean_sidebar":"0","ocean_second_sidebar":"0","ocean_disable_margins":"enable","ocean_add_body_class":"","ocean_shortcode_before_top_bar":"","ocean_shortcode_after_top_bar":"","ocean_shortcode_before_header":"","ocean_shortcode_after_header":"","ocean_has_shortcode":"","ocean_shortcode_after_title":"","ocean_shortcode_before_footer_widgets":"","ocean_shortcode_after_footer_widgets":"","ocean_shortcode_before_footer_bottom":"","ocean_shortcode_after_footer_bottom":"","ocean_display_top_bar":"default","ocean_display_header":"default","ocean_header_style":"","ocean_center_header_left_menu":"0","ocean_custom_header_template":"0","ocean_custom_logo":0,"ocean_custom_retina_logo":0,"ocean_custom_logo_max_width":0,"ocean_custom_logo_tablet_max_width":0,"ocean_custom_logo_mobile_max_width":0,"ocean_custom_logo_max_height":0,"ocean_custom_logo_tablet_max_height":0,"ocean_custom_logo_mobile_max_height":0,"ocean_header_custom_menu":"0","ocean_menu_typo_font_family":"0","ocean_menu_typo_font_subset":"","ocean_menu_typo_font_size":0,"ocean_menu_typo_font_size_tablet":0,"ocean_menu_typo_font_size_mobile":0,"ocean_menu_typo_font_size_unit":"px","ocean_menu_typo_font_weight":"","ocean_menu_typo_font_weight_tablet":"","ocean_menu_typo_font_weight_mobile":"","ocean_menu_typo_transform":"","ocean_menu_typo_transform_tablet":"","ocean_menu_typo_transform_mobile":"","ocean_menu_typo_line_height":0,"ocean_menu_typo_line_height_tablet":0,"ocean_menu_typo_line_height_mobile":0,"ocean_menu_typo_line_height_unit":"","ocean_menu_typo_spacing":0,"ocean_menu_typo_spacing_tablet":0,"ocean_menu_typo_spacing_mobile":0,"ocean_menu_typo_spacing_unit":"","ocean_menu_link_color":"","ocean_menu_link_color_hover":"","ocean_menu_link_color_active":"","ocean_menu_link_background":"","ocean_menu_link_hover_background":"","ocean_menu_link_active_background":"","ocean_menu_social_links_bg":"","ocean_menu_social_hover_links_bg":"","ocean_menu_social_links_color":"","ocean_menu_social_hover_links_color":"","ocean_disable_title":"default","ocean_disable_heading":"default","ocean_post_title":"","ocean_post_subheading":"","ocean_post_title_style":"","ocean_post_title_background_color":"","ocean_post_title_background":0,"ocean_post_title_bg_image_position":"","ocean_post_title_bg_image_attachment":"","ocean_post_title_bg_image_repeat":"","ocean_post_title_bg_image_size":"","ocean_post_title_height":0,"ocean_post_title_bg_overlay":0.5,"ocean_post_title_bg_overlay_color":"","ocean_disable_breadcrumbs":"default","ocean_breadcrumbs_color":"","ocean_breadcrumbs_separator_color":"","ocean_breadcrumbs_links_color":"","ocean_breadcrumbs_links_hover_color":"","ocean_display_footer_widgets":"default","ocean_display_footer_bottom":"default","ocean_custom_footer_template":"0","footnotes":""},"class_list":["post-2","page","type-page","status-publish","has-post-thumbnail","hentry","entry","has-media"],"_links":{"self":[{"href":"https:\/\/transidenticlic.com\/index.php\/wp-json\/wp\/v2\/pages\/2","targetHints":{"allow":["GET"]}}],"collection":[{"href":"https:\/\/transidenticlic.com\/index.php\/wp-json\/wp\/v2\/pages"}],"about":[{"href":"https:\/\/transidenticlic.com\/index.php\/wp-json\/wp\/v2\/types\/page"}],"author":[{"embeddable":true,"href":"https:\/\/transidenticlic.com\/index.php\/wp-json\/wp\/v2\/users\/1"}],"replies":[{"embeddable":true,"href":"https:\/\/transidenticlic.com\/index.php\/wp-json\/wp\/v2\/comments?post=2"}],"version-history":[{"count":203,"href":"https:\/\/transidenticlic.com\/index.php\/wp-json\/wp\/v2\/pages\/2\/revisions"}],"predecessor-version":[{"id":2548,"href":"https:\/\/transidenticlic.com\/index.php\/wp-json\/wp\/v2\/pages\/2\/revisions\/2548"}],"wp:featuredmedia":[{"embeddable":true,"href":"https:\/\/transidenticlic.com\/index.php\/wp-json\/wp\/v2\/media\/1984"}],"wp:attachment":[{"href":"https:\/\/transidenticlic.com\/index.php\/wp-json\/wp\/v2\/media?parent=2"}],"curies":[{"name":"wp","href":"https:\/\/api.w.org\/{rel}","templated":true}]}}