{"id":2311,"date":"2023-01-08T09:53:13","date_gmt":"2023-01-08T08:53:13","guid":{"rendered":"https:\/\/transidenticlic.com\/?page_id=2311"},"modified":"2023-01-08T16:13:07","modified_gmt":"2023-01-08T15:13:07","slug":"confidentialite","status":"publish","type":"page","link":"https:\/\/transidenticlic.com\/index.php\/confidentialite\/","title":{"rendered":"Politique de confidentialit\u00e9"},"content":{"rendered":"\n<ul class=\"wp-block-list\">\n<li>Utilisation des donn\u00e9es personnelles collect\u00e9es : en naviguant sur ce site, certaines informations personnelles (nom, adresse email, adresse IP) et statistiques peuvent \u00eatre collect\u00e9es \u00e0 des fins d&rsquo;am\u00e9lioration du site et de contact.<\/li>\n\n\n\n<li>Contenu embarqu\u00e9 depuis d\u2019autres sites : les articles de ce site peuvent inclure des contenus int\u00e9gr\u00e9s (par exemple des vid\u00e9os, images, articles\u2026). Le contenu int\u00e9gr\u00e9 depuis d\u2019autres sites se comporte de la m\u00eame mani\u00e8re que si le visiteur se rendait sur cet autre site. Ces sites web pourraient collecter des donn\u00e9es sur vous, utiliser des cookies, embarquer des outils de suivis tiers, suivre vos interactions avec ces contenus embarqu\u00e9s si vous disposez d\u2019un compte connect\u00e9 sur leur site web.<\/li>\n\n\n\n<li>Formulaires de contact : lors de la soumission du formulaire, le nom ainsi que l&rsquo;adresse email sont conserv\u00e9es pour une dur\u00e9e ind\u00e9termin\u00e9e, \u00e0 des fins strictement non commerciales.<\/li>\n\n\n\n<li>Cookies : afin de permettre une exp\u00e9rience optimale sur le site, des cookies sont utilis\u00e9s. Il est laiss\u00e9 \u00e0 l&rsquo;utilisateur le choix de les accepter ou de les refuser. En cas d&rsquo;acceptation, la dur\u00e9e de conservation sera de un an. En cas de refus, cette dur\u00e9e est r\u00e9duite \u00e0 une heure, afin de laisser le temps \u00e0 l&rsquo;utilisateur de parcourir le site.<\/li>\n\n\n\n<li>Protection : afin de v\u00e9rifier l&rsquo;activit\u00e9 de connexion et de bloquer potentiellement les tentatives frauduleuses, les informations suivantes sont utilis\u00e9es&nbsp;par Jetpack (politique de confidentialit\u00e9 disponible <a href=\"https:\/\/automattic.com\/privacy-notice\/\">ici<\/a>) : l&rsquo;adresse IP de l&rsquo;utilisateur de la tentative, l&rsquo;adresse e-mail\/le nom d&rsquo;utilisateur de l&rsquo;utilisateur (c&rsquo;est-\u00e0-dire en fonction de la valeur qu&rsquo;il tentait d&rsquo;utiliser pendant le processus de connexion), et toutes les adresses IP en-t\u00eates HTTP associ\u00e9s attach\u00e9s \u00e0 l&rsquo;utilisateur.<\/li>\n\n\n\n<li>Statistiques et mesures d\u2019audience : sont collect\u00e9s par Jetpack (politique de confidentialit\u00e9 disponible <a href=\"https:\/\/automattic.com\/privacy-notice\/\">ici<\/a>) adresse IP, ID utilisateur WordPress.com (si connect\u00e9), nom d&rsquo;utilisateur WordPress.com (si connect\u00e9), agent utilisateur, URL de visite, URL de r\u00e9f\u00e9rence, horodatage de l&rsquo;\u00e9v\u00e9nement, langue du navigateur, code pays. Le propri\u00e9taire du site n&rsquo;a acc\u00e8s \u00e0 aucune de ces informations via cette fonctionnalit\u00e9. Les journaux de statistiques &#8211; contenant les adresses IP des visiteurs et les noms d&rsquo;utilisateur WordPress.com (si disponibles) &#8211; sont conserv\u00e9s par Automattic pendant 28 jours et sont utilis\u00e9s dans le seul but d&rsquo;alimenter cette fonctionnalit\u00e9.<\/li>\n<\/ul>\n","protected":false},"excerpt":{"rendered":"","protected":false},"author":1,"featured_media":0,"parent":0,"menu_order":0,"comment_status":"closed","ping_status":"closed","template":"","meta":{"_seopress_robots_primary_cat":"","_seopress_titles_title":"","_seopress_titles_desc":"","_seopress_robots_index":"","ocean_post_layout":"","ocean_both_sidebars_style":"","ocean_both_sidebars_content_width":0,"ocean_both_sidebars_sidebars_width":0,"ocean_sidebar":"0","ocean_second_sidebar":"0","ocean_disable_margins":"enable","ocean_add_body_class":"","ocean_shortcode_before_top_bar":"","ocean_shortcode_after_top_bar":"","ocean_shortcode_before_header":"","ocean_shortcode_after_header":"","ocean_has_shortcode":"","ocean_shortcode_after_title":"","ocean_shortcode_before_footer_widgets":"","ocean_shortcode_after_footer_widgets":"","ocean_shortcode_before_footer_bottom":"","ocean_shortcode_after_footer_bottom":"","ocean_display_top_bar":"default","ocean_display_header":"default","ocean_header_style":"","ocean_center_header_left_menu":"0","ocean_custom_header_template":"0","ocean_custom_logo":0,"ocean_custom_retina_logo":0,"ocean_custom_logo_max_width":0,"ocean_custom_logo_tablet_max_width":0,"ocean_custom_logo_mobile_max_width":0,"ocean_custom_logo_max_height":0,"ocean_custom_logo_tablet_max_height":0,"ocean_custom_logo_mobile_max_height":0,"ocean_header_custom_menu":"0","ocean_menu_typo_font_family":"0","ocean_menu_typo_font_subset":"","ocean_menu_typo_font_size":0,"ocean_menu_typo_font_size_tablet":0,"ocean_menu_typo_font_size_mobile":0,"ocean_menu_typo_font_size_unit":"px","ocean_menu_typo_font_weight":"","ocean_menu_typo_font_weight_tablet":"","ocean_menu_typo_font_weight_mobile":"","ocean_menu_typo_transform":"","ocean_menu_typo_transform_tablet":"","ocean_menu_typo_transform_mobile":"","ocean_menu_typo_line_height":0,"ocean_menu_typo_line_height_tablet":0,"ocean_menu_typo_line_height_mobile":0,"ocean_menu_typo_line_height_unit":"","ocean_menu_typo_spacing":0,"ocean_menu_typo_spacing_tablet":0,"ocean_menu_typo_spacing_mobile":0,"ocean_menu_typo_spacing_unit":"","ocean_menu_link_color":"","ocean_menu_link_color_hover":"","ocean_menu_link_color_active":"","ocean_menu_link_background":"","ocean_menu_link_hover_background":"","ocean_menu_link_active_background":"","ocean_menu_social_links_bg":"","ocean_menu_social_hover_links_bg":"","ocean_menu_social_links_color":"","ocean_menu_social_hover_links_color":"","ocean_disable_title":"default","ocean_disable_heading":"default","ocean_post_title":"","ocean_post_subheading":"","ocean_post_title_style":"","ocean_post_title_background_color":"","ocean_post_title_background":0,"ocean_post_title_bg_image_position":"","ocean_post_title_bg_image_attachment":"","ocean_post_title_bg_image_repeat":"","ocean_post_title_bg_image_size":"","ocean_post_title_height":0,"ocean_post_title_bg_overlay":0.5,"ocean_post_title_bg_overlay_color":"","ocean_disable_breadcrumbs":"default","ocean_breadcrumbs_color":"","ocean_breadcrumbs_separator_color":"","ocean_breadcrumbs_links_color":"","ocean_breadcrumbs_links_hover_color":"","ocean_display_footer_widgets":"default","ocean_display_footer_bottom":"default","ocean_custom_footer_template":"0","footnotes":""},"class_list":["post-2311","page","type-page","status-publish","hentry","entry"],"_links":{"self":[{"href":"https:\/\/transidenticlic.com\/index.php\/wp-json\/wp\/v2\/pages\/2311","targetHints":{"allow":["GET"]}}],"collection":[{"href":"https:\/\/transidenticlic.com\/index.php\/wp-json\/wp\/v2\/pages"}],"about":[{"href":"https:\/\/transidenticlic.com\/index.php\/wp-json\/wp\/v2\/types\/page"}],"author":[{"embeddable":true,"href":"https:\/\/transidenticlic.com\/index.php\/wp-json\/wp\/v2\/users\/1"}],"replies":[{"embeddable":true,"href":"https:\/\/transidenticlic.com\/index.php\/wp-json\/wp\/v2\/comments?post=2311"}],"version-history":[{"count":2,"href":"https:\/\/transidenticlic.com\/index.php\/wp-json\/wp\/v2\/pages\/2311\/revisions"}],"predecessor-version":[{"id":2403,"href":"https:\/\/transidenticlic.com\/index.php\/wp-json\/wp\/v2\/pages\/2311\/revisions\/2403"}],"wp:attachment":[{"href":"https:\/\/transidenticlic.com\/index.php\/wp-json\/wp\/v2\/media?parent=2311"}],"curies":[{"name":"wp","href":"https:\/\/api.w.org\/{rel}","templated":true}]}}