{"id":6,"date":"2021-02-06T13:07:02","date_gmt":"2021-02-06T12:07:02","guid":{"rendered":"http:\/\/transidenticlic.com\/?page_id=6"},"modified":"2023-05-14T14:21:13","modified_gmt":"2023-05-14T12:21:13","slug":"accueil","status":"publish","type":"page","link":"https:\/\/transidenticlic.com\/index.php\/accueil\/","title":{"rendered":"Bonnes pratiques"},"content":{"rendered":"<h3>Bientraitance<\/h3>\n<p>Il n\u2019y a <b>pas de parcours type de transition<\/b>, mais un parcours adapt\u00e9 aux besoins de chaque personne trans.<\/p>\n<p>Utiliser le nom et pronoms adapt\u00e9s<\/p>\n<p>Principe de d\u00e9cision m\u00e9dicale partag\u00e9e<\/p>\n<p>Cr\u00e9er du lien par l&rsquo;\u00e9coute et le dialogue<\/p>\n<p>\u00c9tablir un rapport de confiance<\/p>\n<p>Respecter l&rsquo;intimit\u00e9 de la personne<\/p>\n<p>Ne pas commenter, m\u00eame de fa\u00e7on positive, les changements (ou l\u2019absence de changement) apport\u00e9s par un \u00e9ventuel traitement hormonal ou par la chirurgie<\/p>\n<p><a href=\"https:\/\/www.chrysalide-asso.fr\/wp-content\/uploads\/2020\/11\/Chrysalide-CharteMedicoSociale-v1-nov2020.pdf\">\u261e Charte m\u00e9dico-sociale<\/a> de l&rsquo;association Chrysalide<\/p>\n<h3>Pronoms<\/h3>\n<p>D\u00e8s la prise de rendez-vous jusqu\u2019\u00e0 la fin de la consultation, en passant par la salle d\u2019attente, il est primordial d\u2019<b>utiliser les pronoms correspondant au genre de la personne<\/b> (il \/ elle \/ iel), m\u00eame si celui-ci diff\u00e8re du genre sugg\u00e9r\u00e9 par sa carte vitale.<\/p>\n<p>Il est possible que la personne souhaite utiliser un pr\u00e9nom\/pronom diff\u00e9rent au cabinet et sur les documents m\u00e9dicaux, cela peut \u00eatre chang\u00e9 dans le dossier \u00e0 tout moment \u00e0 sa demande.<\/p>\n<p>Si vous ne savez pas comment genrer la personne, le plus simple est de <b>lui demander<\/b> comment elle souhaite \u00eatre nomm\u00e9e et de respecter son choix.<\/p>\n<p>Si vous vous trompez de nom ou de pronom, excusez-vous et <b>corrigez-vous<\/b> !<\/p>\n<h3>A \u00e9viter<\/h3>\n<p>Demander le <a href=\"https:\/\/i473ybezth.preview.infomaniak.website\/index.php\/lexique\/\">deadname<\/a>.<\/p>\n<p>Poser des questions sur les organes g\u00e9nitaux.<\/p>\n<p>Demander si des op\u00e9rations chirurgicales ont \u00e9t\u00e9 pratiqu\u00e9es alors que ce n&rsquo;est pas le sujet de la consultation.<\/p>\n<p>Demander si la personne compte faire des op\u00e9rations chirurgicales.<\/p>\n<p>Demander la r\u00e9action de la famille de la personne trans lors du coming-out.<\/p>\n<p>Demander des d\u00e9tails sur les pratiques sexuelles.<\/p>\n<p>Juger le physique : <i>\u00ab c\u2019est r\u00e9ussi \u00bb, \u00ab on dirait vraiment un homme \/ une femme \u00bb, \u00ab vous \u00e9tiez mieux avant \u00bb, \u00ab \u00e7a se voit que vous \u00eates trans \u00bb<\/i>.<\/p>\n<p>Les questions de type <i>\u00abje ne voudrais pas parai\u0302tre indiscret\u00b7e mais&#8230;\u00bb<\/i>.<\/p>\n<p>Faire des remarques sur la pr\u00e9sence \u00e9ventuelle de proth\u00e8ses (mammaires \/ p\u00e9nienne).<\/p>\n<h3>Professionnel\u00b7les de sant\u00e9 &amp; secr\u00e9tariat<\/h3>\n<p>Toutes les personnes intervenant au cabinet (dont le secr\u00e9tariat) doivent \u00eatre sensibilis\u00e9es aux questions trans.<\/p>\n<p>Il est \u00e9galement important de sensibiliser \u00e0 votre tour les autres professionnel\u00b7les de sant\u00e9 aux probl\u00e9matiques de la transidentit\u00e9.<\/p>\n<p>Dans le cadre du parcours de soins coordonn\u00e9, il peut \u00eatre utile d&rsquo;appeler soi-m\u00eame les coll\u00e8gues pour s&rsquo;assurer qu&rsquo;ils soient bientraitants.<\/p>\n<p>\u261e Le but \u00e9tant de cr\u00e9er un <b><a href=\"https:\/\/i473ybezth.preview.infomaniak.website\/index.php\/orientation-ressources\/\">r\u00e9seau de soin transfriendly<\/a><\/b> pour les patient\u00b7es.<\/p>\n<h3>Environnement<\/h3>\n<p>Rendre publique la sensibilisation aux probl\u00e9matiques trans dans le cabinet : <b>affiches de pr\u00e9vention<\/b> \u00e0 destination des personnes trans en salle d&rsquo;attente, <b>magazines et publications<\/b> sur le th\u00e8me du genre, <b>toilettes<\/b> sans distinction de genre.<\/p>\n<p><a href=\"https:\/\/i473ybezth.preview.infomaniak.website\/index.php\/bibliographie\/\"><br \/>\n<\/a><\/p>\n<p><a href=\"https:\/\/www.chrysalide-asso.fr\/wp-content\/uploads\/2019\/10\/Chrysalide-Guide5.pdf\">Chrysalide<\/a>, <a href=\"https:\/\/wikitrans.co\/2019\/02\/25\/quels-pronoms-utiliser-pour-une-personne-quand-je-ne-suis-pas-sure\/\">Wikitrans<\/a>, Revue Prescrire avril 2020<\/p>\n<h6 align=\"right\"><i><p class=\"ocean-last-modified\">Derni\u00e8re modification le 14 mai 2023<\/p><\/i><\/h6>\n","protected":false},"excerpt":{"rendered":"<p>Bientraitance Il n\u2019y a pas de parcours type de transition, mais un parcours adapt\u00e9 aux besoins de chaque personne trans. Utiliser le nom et pronoms adapt\u00e9s Principe de d\u00e9cision m\u00e9dicale partag\u00e9e Cr\u00e9er du lien par l&rsquo;\u00e9coute et le dialogue \u00c9tablir un rapport de confiance Respecter l&rsquo;intimit\u00e9 de la personne Ne pas commenter, m\u00eame de fa\u00e7on [&hellip;]<\/p>\n","protected":false},"author":1,"featured_media":0,"parent":0,"menu_order":0,"comment_status":"closed","ping_status":"closed","template":"","meta":{"_seopress_robots_primary_cat":"","_seopress_titles_title":"%%post_title%% %%sep%% %%sitetitle%%","_seopress_titles_desc":"R\u00e9capitulatif des bonnes pratiques dans la prise en soin des personnes transgenres \/ transidentitaires","_seopress_robots_index":"","ocean_post_layout":"","ocean_both_sidebars_style":"","ocean_both_sidebars_content_width":0,"ocean_both_sidebars_sidebars_width":0,"ocean_sidebar":"0","ocean_second_sidebar":"0","ocean_disable_margins":"enable","ocean_add_body_class":"","ocean_shortcode_before_top_bar":"","ocean_shortcode_after_top_bar":"","ocean_shortcode_before_header":"","ocean_shortcode_after_header":"","ocean_has_shortcode":"","ocean_shortcode_after_title":"","ocean_shortcode_before_footer_widgets":"","ocean_shortcode_after_footer_widgets":"","ocean_shortcode_before_footer_bottom":"","ocean_shortcode_after_footer_bottom":"","ocean_display_top_bar":"default","ocean_display_header":"default","ocean_header_style":"","ocean_center_header_left_menu":"0","ocean_custom_header_template":"0","ocean_custom_logo":0,"ocean_custom_retina_logo":0,"ocean_custom_logo_max_width":0,"ocean_custom_logo_tablet_max_width":0,"ocean_custom_logo_mobile_max_width":0,"ocean_custom_logo_max_height":0,"ocean_custom_logo_tablet_max_height":0,"ocean_custom_logo_mobile_max_height":0,"ocean_header_custom_menu":"0","ocean_menu_typo_font_family":"0","ocean_menu_typo_font_subset":"","ocean_menu_typo_font_size":0,"ocean_menu_typo_font_size_tablet":0,"ocean_menu_typo_font_size_mobile":0,"ocean_menu_typo_font_size_unit":"px","ocean_menu_typo_font_weight":"","ocean_menu_typo_font_weight_tablet":"","ocean_menu_typo_font_weight_mobile":"","ocean_menu_typo_transform":"","ocean_menu_typo_transform_tablet":"","ocean_menu_typo_transform_mobile":"","ocean_menu_typo_line_height":0,"ocean_menu_typo_line_height_tablet":0,"ocean_menu_typo_line_height_mobile":0,"ocean_menu_typo_line_height_unit":"","ocean_menu_typo_spacing":0,"ocean_menu_typo_spacing_tablet":0,"ocean_menu_typo_spacing_mobile":0,"ocean_menu_typo_spacing_unit":"","ocean_menu_link_color":"","ocean_menu_link_color_hover":"","ocean_menu_link_color_active":"","ocean_menu_link_background":"","ocean_menu_link_hover_background":"","ocean_menu_link_active_background":"","ocean_menu_social_links_bg":"","ocean_menu_social_hover_links_bg":"","ocean_menu_social_links_color":"","ocean_menu_social_hover_links_color":"","ocean_disable_title":"default","ocean_disable_heading":"default","ocean_post_title":"","ocean_post_subheading":"","ocean_post_title_style":"","ocean_post_title_background_color":"","ocean_post_title_background":0,"ocean_post_title_bg_image_position":"","ocean_post_title_bg_image_attachment":"","ocean_post_title_bg_image_repeat":"","ocean_post_title_bg_image_size":"","ocean_post_title_height":0,"ocean_post_title_bg_overlay":0.5,"ocean_post_title_bg_overlay_color":"","ocean_disable_breadcrumbs":"default","ocean_breadcrumbs_color":"","ocean_breadcrumbs_separator_color":"","ocean_breadcrumbs_links_color":"","ocean_breadcrumbs_links_hover_color":"","ocean_display_footer_widgets":"default","ocean_display_footer_bottom":"default","ocean_custom_footer_template":"0","footnotes":""},"class_list":["post-6","page","type-page","status-publish","hentry","entry"],"_links":{"self":[{"href":"https:\/\/transidenticlic.com\/index.php\/wp-json\/wp\/v2\/pages\/6","targetHints":{"allow":["GET"]}}],"collection":[{"href":"https:\/\/transidenticlic.com\/index.php\/wp-json\/wp\/v2\/pages"}],"about":[{"href":"https:\/\/transidenticlic.com\/index.php\/wp-json\/wp\/v2\/types\/page"}],"author":[{"embeddable":true,"href":"https:\/\/transidenticlic.com\/index.php\/wp-json\/wp\/v2\/users\/1"}],"replies":[{"embeddable":true,"href":"https:\/\/transidenticlic.com\/index.php\/wp-json\/wp\/v2\/comments?post=6"}],"version-history":[{"count":166,"href":"https:\/\/transidenticlic.com\/index.php\/wp-json\/wp\/v2\/pages\/6\/revisions"}],"predecessor-version":[{"id":2467,"href":"https:\/\/transidenticlic.com\/index.php\/wp-json\/wp\/v2\/pages\/6\/revisions\/2467"}],"wp:attachment":[{"href":"https:\/\/transidenticlic.com\/index.php\/wp-json\/wp\/v2\/media?parent=6"}],"curies":[{"name":"wp","href":"https:\/\/api.w.org\/{rel}","templated":true}]}}