{"id":7,"date":"2021-02-06T13:07:02","date_gmt":"2021-02-06T12:07:02","guid":{"rendered":"http:\/\/transidenticlic.com\/?page_id=7"},"modified":"2023-05-14T14:22:24","modified_gmt":"2023-05-14T12:22:24","slug":"cadre-legislatif","status":"publish","type":"page","link":"https:\/\/transidenticlic.com\/index.php\/cadre-legislatif\/","title":{"rendered":"Cadre l\u00e9gislatif"},"content":{"rendered":"<p><a href=\"\">Article 225-1 du Code p\u00e9nal : sur la qualification de discrimination<\/a><\/p>\n<p><em>\u00ab<\/em> <em>Constitue une discrimination toute distinction op\u00e9r\u00e9e entre les personnes physiques sur le fondement (\u2026) de leur orientation sexuelle, de leur identit\u00e9 de genre, (\u2026) .<\/em> <em>\u00bb<\/em><\/p>\n<p>Source : <a href=\"https:\/\/www.legifrance.gouv.fr\/codes\/article_lc\/LEGIARTI000033461473\/\">L\u00e9gifrance<\/a><\/p>\n<p><a href=\"\">Article 6 du Code de D\u00e9ontologie M\u00e9dicale : sur le libre choix du m\u00e9decin<\/a><\/p>\n<p>\u00ab&nbsp;<em>Le m\u00e9decin doit respecter le droit que poss\u00e8de toute personne de choisir librement son m\u00e9decin. Il doit lui faciliter l\u2019exercice de ce droit.&nbsp;\u00bb<\/em><\/p>\n<p>Source : <a href=\"https:\/\/www.conseil-national.medecin.fr\/code-deontologie\/devoirs-generaux-medecins-art-2-31\/article-6-libre-choix\">Conseil de l\u2019Ordre des M\u00e9decins<\/a><\/p>\n<p><a href=\"\">Article 7 du Code de D\u00e9ontologie M\u00e9dicale : sur les devoirs du m\u00e9decin envers les patient\u00b7es<\/a><\/p>\n<p><em>\u00ab Le m\u00e9decin doit \u00e9couter, examiner, conseiller ou soigner avec la m\u00eame conscience toutes les personnes quels que soient leur origine, leurs moeurs et leur situation de famille, leur appartenance ou leur non-appartenance \u00e0 une ethnie, une nation ou une religion d\u00e9termin\u00e9e, leur handicap ou leur \u00e9tat de sant\u00e9, leur r\u00e9putation ou les sentiments qu\u2019il peut \u00e9prouver \u00e0 leur \u00e9gard.<br \/>\nIl doit leur apporter son concours en toutes circonstances.<br \/>\nIl ne doit jamais se d\u00e9partir d\u2019une attitude correcte et attentive envers la personne examin\u00e9e. \u00bb<br \/>\n<\/em><\/p>\n<p>Source : <a href=\"https:\/\/www.conseil-national.medecin.fr\/code-deontologie\/devoirs-generaux-medecins-art-2-31\/article-7-discrimination\">Conseil de l\u2019Ordre des M\u00e9decins<\/a><\/p>\n<p><a href=\"\">Article 32 du Code de D\u00e9ontologie M\u00e9dicale : sur la qualit\u00e9 des soins prodigu\u00e9s aux patient\u00b7es<\/a><\/p>\n<p><em>\u00ab D\u00e8s lors qu\u2019il a accept\u00e9 de r\u00e9pondre \u00e0 une demande, le m\u00e9decin s\u2019engage \u00e0 assurer personnellement au patient des soins consciencieux, d\u00e9vou\u00e9s et fond\u00e9s sur les donn\u00e9es acquises de la science, en faisant appel, s\u2019il y a lieu, \u00e0 l\u2019aide de tiers comp\u00e9tents. <\/em><em>\u00bb<br \/>\n<\/em><\/p>\n<p>Source : <a href=\"https:\/\/www.conseil-national.medecin.fr\/code-deontologie\/devoirs-patients-art-32-55\/article-32-qualite-soins\">Conseil de l\u2019Ordre des M\u00e9decins<\/a><\/p>\n<p><a href=\"\">Article 35 du Code de D\u00e9ontologie M\u00e9dicale : sur l&rsquo;information due aux patient\u00b7es<\/a><\/p>\n<p><em>\u00ab Le m\u00e9decin doit \u00e0 la personne qu\u2019il examine, qu\u2019il soigne ou qu\u2019il conseille, une information loyale, claire et appropri\u00e9e sur son \u00e9tat, les investigations et les soins qu\u2019il lui propose. Tout au long de la maladie, il tient compte de la personnalit\u00e9 du patient dans ses explications et veille \u00e0 leur compr\u00e9hension. (\u2026) <\/em><em>\u00bb<br \/>\n<\/em><\/p>\n<p>Source : <a href=\"https:\/\/www.conseil-national.medecin.fr\/code-deontologie\/devoirs-patients-art-32-55\/article-35-information-patient\">Conseil de l\u2019Ordre des M\u00e9decins<\/a><\/p>\n<p><a href=\"\">Article 36 du Code de D\u00e9ontologie M\u00e9dicale : sur le consentement des patient\u00b7es<\/a><\/p>\n<p><em>\u00ab Le consentement de la personne examin\u00e9e ou soign\u00e9e doit \u00eatre recherch\u00e9 dans tous les cas.<br \/>\nLorsque le malade, en \u00e9tat d\u2019exprimer sa volont\u00e9, refuse les investigations ou le traitement propos\u00e9s, le m\u00e9decin doit respecter ce refus apr\u00e8s avoir inform\u00e9 le malade de ses cons\u00e9quences. <\/em><em>\u00bb<br \/>\n<\/em><\/p>\n<p>Source : <a href=\"https:\/\/www.conseil-national.medecin.fr\/code-deontologie\/devoirs-patients-art-32-55\/article-36-consentement-patient\">Conseil de l\u2019Ordre des M\u00e9decins<\/a><\/p>\n<p><a href=\"\">CIM 11, OMS 2019 : sur la d\u00e9psychiatrisation de la transidentit\u00e9<\/a><\/p>\n<p>Depuis le 18 mai 2019, l\u2019OMS a de\u0301psychiatrise\u0301 la transidentite\u0301 en la sortant du chapitre des \u201cTroubles mentaux et du comportement\u201d de la CIM pour sa 11e\u0300me version. Ainsi, le \u00ab Transsexualisme \u00bb disparai\u0302t, au profit de l\u2019\u00ab incongruence de genre \u00bb, (HA6) situe\u0301e dans le chapitre \u00ab affections relatives a\u0300 la sante\u0301 sexuelle \u00bb.<\/p>\n<p>Source : <a href=\"https:\/\/icd.who.int\/browse11\/l-m\/en#\/http%3A%2F%2Fid.who.int%2Ficd%2Fentity%2F411470068\">OMS<\/a><\/p>\n<p><a href=\"\">R\u00e9solution du Conseil de l\u2019Europe de 2015 : sur la lutte contre les discriminations envers les personnes transgenres et leurs droits<\/a><\/p>\n<p><em>\u00ab <\/em>L\u2019Assembl\u00e9e appelle les \u00c9tats membres :<\/p>\n<ul>\n<li>en ce qui concerne la l\u00e9gislation et les politiques contre la discrimination :\n<ul>\n<li>\u00e0 interdire explicitement la discrimination fond\u00e9e sur l\u2019identit\u00e9 de genre dans la l\u00e9gislation nationale contre la discrimination et \u00e0 int\u00e9grer la situation des personnes transgenres en mati\u00e8re de droits de l\u2019homme dans le mandat des institutions nationales des droits de l\u2019homme, en faisant explicitement r\u00e9f\u00e9rence \u00e0 l\u2019identit\u00e9 de genre<\/li>\n<li>\u00e0 apporter une protection effective contre la discrimination fond\u00e9e sur l\u2019identit\u00e9 de genre en mati\u00e8re d\u2019acc\u00e8s \u00e0 l\u2019emploi tant dans le secteur public que priv\u00e9, et en mati\u00e8re d\u2019acc\u00e8s au logement, \u00e0 la justice et aux soins de sant\u00e9 (\u2026)<\/li>\n<\/ul>\n<\/li>\n<\/ul>\n<ul>\n<li>en ce qui concerne les traitements de conversion sexuelle et soins de sant\u00e9 :\n<ul>\n<li>\u00e0 rendre les proc\u00e9dures de conversion sexuelle, telles que les traitements hormonaux, les interventions chirurgicales et le soutien psychologique, accessibles aux personnes transgenres, et \u00e0 en garantir le remboursement par le r\u00e9gime public d\u2019assurance maladie ; les limitations du remboursement devraient \u00eatre fix\u00e9es par la loi, objectives et proportionn\u00e9es<\/li>\n<li>\u00e0 inclure express\u00e9ment les personnes transgenres dans les travaux de recherche, les programmes et les mesures de pr\u00e9vention du suicide ; \u00e0 explorer des mod\u00e8les alternatifs de soins m\u00e9dicaux aux personnes transgenres, fond\u00e9s sur un consentement \u00e9clair\u00e9<\/li>\n<li>\u00e0 modifier les classifications des maladies utilis\u00e9es au niveau national et pr\u00f4ner la modification des classifications internationales afin de garantir que les personnes transgenres, y compris les enfants, ne soient pas consid\u00e9r\u00e9es comme malades mentaux, tout en assurant un acc\u00e8s aux traitements m\u00e9dicaux n\u00e9cessaires sans stigmatisations<\/li>\n<\/ul>\n<\/li>\n<\/ul>\n<ul>\n<li>en ce qui concerne l\u2019information, la sensibilisation et la formation :\n<ul>\n<li>(\u2026) \u00e0 donner des informations et une formation aux professionnels de l\u2019\u00e9ducation, aux responsables de l\u2019application des lois et aux professionnels de sant\u00e9, notamment aux psychologues, psychiatres et m\u00e9decins g\u00e9n\u00e9ralistes, sur les droits et les besoins sp\u00e9cifiques des personnes transgenres, en insistant tout particuli\u00e8rement sur la n\u00e9cessit\u00e9 de respecter leur vie priv\u00e9e et leur dignit\u00e9 \u00bb<\/li>\n<\/ul>\n<\/li>\n<\/ul>\n<p>Source : <a href=\"https:\/\/assembly.coe.int\/nw\/xml\/XRef\/Xref-XML2HTML-FR.asp?fileid=21630&amp;lang=FR\">Assembl\u00e9e Parlementaire du Conseil de l\u2019Europe<\/a><\/p>\n<p><a href=\"\">Principes de Jogjakarta de 2007 : sur les droits internationaux des personnes transgenres<\/a><\/p>\n<p>Principes sur l\u2019application de la l\u00e9gislation internationale des droits humains en mati\u00e8re d\u2019orientation sexuelle et d\u2019identit\u00e9 de genre :<\/p>\n<p>&nbsp;&nbsp; 1) Le droit \u00e0 une jouissance universelle des droits humains<\/p>\n<p>&nbsp;&nbsp; 2) Les droits \u00e0 l\u2019\u00e9galit\u00e9 et \u00e0 la non-discrimination<\/p>\n<p>&nbsp;&nbsp; 10) Le droit \u00e0 ne pas \u00eatre soumis \u00e0 la torture ni \u00e0 des peines ou traitements cruels, inhumains ou d\u00e9gradants<\/p>\n<p>&nbsp;&nbsp; 13) Le droit \u00e0 la s\u00e9curit\u00e9 sociale et \u00e0 d\u2019autres mesures de protection sociale<\/p>\n<p>&nbsp;&nbsp; 17) Le droit au plus haut niveau possible de sant\u00e9<\/p>\n<p>&nbsp;&nbsp; 18) Protection contre les abus m\u00e9dicaux<\/p>\n<p>&nbsp;&nbsp; 24) Le droit de fonder une famille<\/p>\n<p>Source : <a href=\"https:\/\/www.amnesty.ch\/fr\/themes\/autres\/identite-de-genre-et-orientation-sexuelle\/principes-jogjakarta\/Yogyakarta_principles_fr.pdf\">Amnesty International<\/a><\/p>\n<p><a href=\"\">D\u00e9cision du D\u00e9fenseur des droits du 18 juin 2020 : relative au respect de l\u2019identit\u00e9 de genre des personnes transgenres <\/a><\/p>\n<p><em>\u00ab <\/em>Dans le domaine de la sant\u00e9 et de la protection sociale, le D\u00e9fenseur des droits recommande au minist\u00e8re des Solidarit\u00e9s et de la Sant\u00e9 de modifier le protocole de la Haute Autorit\u00e9 de Sant\u00e9 concernant la prise en charge des parcours de transition afin que les frais m\u00e9dicaux li\u00e9s \u00e0 la transidentit\u00e9 soient uniform\u00e9ment pris en charge sur l\u2019ensemble du territoire quel que soit le parcours de soins choisi par la personne transgenre. Il insiste sur la n\u00e9cessit\u00e9 de mettre au c\u0153ur de ce parcours de soins les personnes transgenres, qui n\u2019ont actuellement que peu de pouvoir d\u00e9cisionnel.<\/p>\n<p>Dans le domaine des droits sexuels et reproductifs, le D\u00e9fenseur des droits recommande au minist\u00e8re des Solidarit\u00e9s et de la Sant\u00e9 de diffuser une circulaire visant \u00e0 garantir le recueil, la conservation et la prise en charge financi\u00e8re des gam\u00e8tes des personnes transgenres dans l\u2019ensemble des CECOS du territoire. Le D\u00e9fenseur des droits, consid\u00e9rant les nouvelles r\u00e9alit\u00e9s familiales, recommande au l\u00e9gislateur de proc\u00e9der \u00e0 une r\u00e9vision des r\u00e8gles de la filiation et d\u2019int\u00e9grer la double reconnaissance maternelle ou paternelle pour les parents, notamment transgenres, de m\u00eame sexe. <em>\u00bb<\/em><\/p>\n<p>Source : <a href=\"https:\/\/juridique.defenseurdesdroits.fr\/index.php?lvl=notice_display&amp;id=33016\">D\u00e9fenseur des droits<\/a><\/p>\n<p><a href=\"\">DILCRAH 2019 : fiche pratique sur le respect des droits des personnes trans<\/a><\/p>\n<p>Source : <a href=\"https:\/\/www.dilcrah.fr\/wp-content\/uploads\/2019\/11\/FICHE-RESPECT-DES-DROITS-TRANS-DILCRAH.pdf\">D\u00e9l\u00e9gation interminist\u00e9rielle \u00e0 la lutte contre le racisme, l\u2019antis\u00e9mitisme et la haine anti-LGBT<\/a><\/p>\n<p><a href=\"\">Plan national d\u2019actions pour l\u2019\u00e9galit\u00e9, contre la haine et les discriminations anti-LGBT+ 2020-2023<\/a><\/p>\n<ol>\n<li>Reconnaitre les droits des personnes LGBT+<\/li>\n<li>Permettre l\u2019acc\u00e8s aux droits des personnes LGBT+ : (\u2026) Action 9 <em>\u00ab <\/em>Engager une r\u00e9flexion par la Haute autorit\u00e9 de la sant\u00e9 (HAS) sur une prise en charge respectueuse des droits des personnes trans dans leurs parcours de transition. <em>\u00bb<\/em><\/li>\n<li>Lutter contre les discriminations, la violence et la haine anti-LGBT+ : (\u2026) Action 16 <em>\u00ab<\/em> Adopter des dispositions adapt\u00e9es pour lutter contre les th\u00e9rapies dites \u00ab de conversion et les sanctionner.&nbsp;<em>\u00bb<\/em><\/li>\n<li>Am\u00e9liorer la vie quotidienne des personnes LGBT+<em><\/em><\/li>\n<\/ol>\n<p>Source : <a href=\"https:\/\/www.gouvernement.fr\/sites\/default\/files\/contenu\/piece-jointe\/2020\/10\/dilcrah_plan-lgbt_2020-2023_vf.pdf\">DILCRAH<\/a><\/p>\n","protected":false},"excerpt":{"rendered":"<p>Article 225-1 du Code p\u00e9nal : sur la qualification de discrimination \u00ab Constitue une discrimination toute distinction op\u00e9r\u00e9e entre les personnes physiques sur le fondement (\u2026) de leur orientation sexuelle, de leur identit\u00e9 de genre, (\u2026) . \u00bb Source : L\u00e9gifrance Article 6 du Code de D\u00e9ontologie M\u00e9dicale : sur le libre choix du m\u00e9decin [&hellip;]<\/p>\n","protected":false},"author":1,"featured_media":0,"parent":0,"menu_order":0,"comment_status":"closed","ping_status":"closed","template":"","meta":{"_seopress_robots_primary_cat":"","_seopress_titles_title":"%%post_title%% %%sep%% %%sitetitle%%","_seopress_titles_desc":"Rappel du cadre l\u00e9gislatif qui entoure la transidentit\u00e9","_seopress_robots_index":"","ocean_post_layout":"","ocean_both_sidebars_style":"","ocean_both_sidebars_content_width":0,"ocean_both_sidebars_sidebars_width":0,"ocean_sidebar":"0","ocean_second_sidebar":"0","ocean_disable_margins":"enable","ocean_add_body_class":"","ocean_shortcode_before_top_bar":"","ocean_shortcode_after_top_bar":"","ocean_shortcode_before_header":"","ocean_shortcode_after_header":"","ocean_has_shortcode":"","ocean_shortcode_after_title":"","ocean_shortcode_before_footer_widgets":"","ocean_shortcode_after_footer_widgets":"","ocean_shortcode_before_footer_bottom":"","ocean_shortcode_after_footer_bottom":"","ocean_display_top_bar":"default","ocean_display_header":"default","ocean_header_style":"","ocean_center_header_left_menu":"0","ocean_custom_header_template":"0","ocean_custom_logo":0,"ocean_custom_retina_logo":0,"ocean_custom_logo_max_width":0,"ocean_custom_logo_tablet_max_width":0,"ocean_custom_logo_mobile_max_width":0,"ocean_custom_logo_max_height":0,"ocean_custom_logo_tablet_max_height":0,"ocean_custom_logo_mobile_max_height":0,"ocean_header_custom_menu":"0","ocean_menu_typo_font_family":"0","ocean_menu_typo_font_subset":"","ocean_menu_typo_font_size":0,"ocean_menu_typo_font_size_tablet":0,"ocean_menu_typo_font_size_mobile":0,"ocean_menu_typo_font_size_unit":"px","ocean_menu_typo_font_weight":"","ocean_menu_typo_font_weight_tablet":"","ocean_menu_typo_font_weight_mobile":"","ocean_menu_typo_transform":"","ocean_menu_typo_transform_tablet":"","ocean_menu_typo_transform_mobile":"","ocean_menu_typo_line_height":0,"ocean_menu_typo_line_height_tablet":0,"ocean_menu_typo_line_height_mobile":0,"ocean_menu_typo_line_height_unit":"","ocean_menu_typo_spacing":0,"ocean_menu_typo_spacing_tablet":0,"ocean_menu_typo_spacing_mobile":0,"ocean_menu_typo_spacing_unit":"","ocean_menu_link_color":"","ocean_menu_link_color_hover":"","ocean_menu_link_color_active":"","ocean_menu_link_background":"","ocean_menu_link_hover_background":"","ocean_menu_link_active_background":"","ocean_menu_social_links_bg":"","ocean_menu_social_hover_links_bg":"","ocean_menu_social_links_color":"","ocean_menu_social_hover_links_color":"","ocean_disable_title":"default","ocean_disable_heading":"default","ocean_post_title":"","ocean_post_subheading":"","ocean_post_title_style":"","ocean_post_title_background_color":"","ocean_post_title_background":0,"ocean_post_title_bg_image_position":"","ocean_post_title_bg_image_attachment":"","ocean_post_title_bg_image_repeat":"","ocean_post_title_bg_image_size":"","ocean_post_title_height":0,"ocean_post_title_bg_overlay":0.5,"ocean_post_title_bg_overlay_color":"","ocean_disable_breadcrumbs":"default","ocean_breadcrumbs_color":"","ocean_breadcrumbs_separator_color":"","ocean_breadcrumbs_links_color":"","ocean_breadcrumbs_links_hover_color":"","ocean_display_footer_widgets":"default","ocean_display_footer_bottom":"default","ocean_custom_footer_template":"0","footnotes":""},"class_list":["post-7","page","type-page","status-publish","hentry","entry"],"_links":{"self":[{"href":"https:\/\/transidenticlic.com\/index.php\/wp-json\/wp\/v2\/pages\/7","targetHints":{"allow":["GET"]}}],"collection":[{"href":"https:\/\/transidenticlic.com\/index.php\/wp-json\/wp\/v2\/pages"}],"about":[{"href":"https:\/\/transidenticlic.com\/index.php\/wp-json\/wp\/v2\/types\/page"}],"author":[{"embeddable":true,"href":"https:\/\/transidenticlic.com\/index.php\/wp-json\/wp\/v2\/users\/1"}],"replies":[{"embeddable":true,"href":"https:\/\/transidenticlic.com\/index.php\/wp-json\/wp\/v2\/comments?post=7"}],"version-history":[{"count":62,"href":"https:\/\/transidenticlic.com\/index.php\/wp-json\/wp\/v2\/pages\/7\/revisions"}],"predecessor-version":[{"id":2468,"href":"https:\/\/transidenticlic.com\/index.php\/wp-json\/wp\/v2\/pages\/7\/revisions\/2468"}],"wp:attachment":[{"href":"https:\/\/transidenticlic.com\/index.php\/wp-json\/wp\/v2\/media?parent=7"}],"curies":[{"name":"wp","href":"https:\/\/api.w.org\/{rel}","templated":true}]}}