{"id":876,"date":"2021-02-08T16:21:39","date_gmt":"2021-02-08T15:21:39","guid":{"rendered":"https:\/\/transidenticlic.com\/?page_id=876"},"modified":"2023-09-11T16:20:15","modified_gmt":"2023-09-11T14:20:15","slug":"traitement-hormonal-substitutif-feminisant","status":"publish","type":"page","link":"https:\/\/transidenticlic.com\/index.php\/traitement-hormonal-substitutif-feminisant\/","title":{"rendered":"Traitement hormonal substitutif f\u00e9minisant"},"content":{"rendered":"<p>Avertissement<br \/>\n\t\t\t\t\t\t\tDans le cadre de la transidentit\u00e9, les traitements pr\u00e9sent\u00e9s ici sont hors AMM, mais il existe une tol\u00e9rance de la CPAM concernant les remboursements.<br \/>\n\t\t\t\t\t\t\t\t\t\t<button type=\"button\"><br \/>\n\t\t\t\t\t\t\t\t\t\t\t&times;<br \/>\n\t\t\t\t\t\t\t\t\t\tIgnorer cette alerte.<br \/>\n\t\t\t\t<\/button><\/p>\n<p>\u261e <strong>Consentement \u00e9clair\u00e9<\/strong> de la personne indispensable.<\/p>\n<p>Bilan biologique initial disponible <a href=\"https:\/\/i473ybezth.preview.infomaniak.website\/index.php\/premiere-consultation\/\">ici<\/a>.<\/p>\n<p>\t\t\t\t\t\t\t\t\t\t\t\t<a tabindex=\"0\">Effets attendus et d\u00e9lais<\/a><\/p>\n<ul>\n<li><em>apparition des bourgeons mammaires et d\u00e9veloppement de la poitrine (3 mois \u00e0 3 ans)<\/em><\/li>\n<li>modification de la r\u00e9partition des graisses vers les cuisses et les fesses (3 mois \u00e0 5 ans)<\/li>\n<li>fonte musculaire (3 mois \u00e0 2 ans)<\/li>\n<li>diminution de la taille du p\u00e9nis et des testicules (3 mois \u00e0 3 ans) avec baisse de la production spermatique<\/li>\n<li>diminution de la libido (1 mois \u00e0 2 ans) avec baisse de l&rsquo;excitation<\/li>\n<li>diminution de la fr\u00e9quence des \u00e9rections (1 mois \u00e0 6 mois)<\/li>\n<li>changement des odeurs corporelles<\/li>\n<li>assouplissement de la peau et diminution du s\u00e9bum (\u00e0 partir de 3 mois)<\/li>\n<li>diminution de la pilosit\u00e9 sur le visage et croissance ralentie (\u00e0 partir de 6 mois, en pratique tr\u00e8s anecdotique)<\/li>\n<li>calvitie (pas de repousse, arr\u00eat de la perte de 1 mois \u00e0 2 ans)<\/li>\n<\/ul>\n<p><em>NB<\/em> : les changements irreversibles sont en italique.<\/p>\n<p>\t\t\t\t\t\t\t\t\t\t\t\t<a tabindex=\"0\">Contre-Indications<\/a><\/p>\n<ul>\n<li>Cancer du sein<\/li>\n<li>Cancer oestrog\u00e9no-d\u00e9pendant<\/li>\n<li>Accidents thromboemboliques en cours ou inexplique\u0301s<\/li>\n<li>Maladie cardiovasculaire isch\u00e9mique instable<\/li>\n<li>Hypersensibilit\u00e9 \u00e0 l&rsquo;un des composants<\/li>\n<\/ul>\n<p>\t\t\t\t\t\t\t\t\t\t\t\t<a tabindex=\"0\">Prescription en pratique<\/a><\/p>\n<p><strong>\u261e Primo-prescription possible par un\u00b7e g\u00e9n\u00e9raliste.<\/strong><\/p>\n<p><img decoding=\"async\" role=\"img\" draggable=\"false\" src=\"https:\/\/s.w.org\/images\/core\/emoji\/14.0.0\/svg\/26a0.svg\" alt=\"\u26a0\"> Ne pas appliquer sur les muqueuses ni sur les seins (augmenterait le risque de cancer) !<\/p>\n<p>En gel :<\/p>\n<ul>\n<li><strong>Estradiol 0,75 mg\/1,25g<\/strong> (<strong><a href=\"https:\/\/base-donnees-publique.medicaments.gouv.fr\/affichageDoc.php?specid=63071975&amp;typedoc=R\">\u0152strodose 0,06%<\/a><\/strong>) : initialement 2,5 g de gel par jour soit 2 pressions, possibilit\u00e9 d&rsquo;aller jusque 5 pressions soit 6,25g de gel \/ jour<\/li>\n<li><strong>Estradiol 0,5 mg\/0,5g<\/strong> (<a href=\"https:\/\/base-donnees-publique.medicaments.gouv.fr\/affichageDoc.php?specid=63216075&amp;typedoc=R\"><strong>Estreva 0,1%<\/strong><\/a><strong>)<\/strong> : initialement 1,5 g de gel par jour soit 3 pressions<\/li>\n<li>Peut e\u0302tre fastidieux<\/li>\n<li><img decoding=\"async\" role=\"img\" draggable=\"false\" src=\"https:\/\/s.w.org\/images\/core\/emoji\/14.0.0\/svg\/26a0.svg\" alt=\"\u26a0\"> Risque de transfert par contact cutan\u00e9 \u00e9troit<\/li>\n<li><img decoding=\"async\" role=\"img\" draggable=\"false\" src=\"https:\/\/s.w.org\/images\/core\/emoji\/14.0.0\/svg\/26a0.svg\" alt=\"\u26a0\"> Peut grandement fausser les r\u00e9sultats biologiques si application de gel sur le bras o\u00f9 se fait le pr\u00e9l\u00e8vement sanguin<\/li>\n<\/ul>\n<p>En patch :<\/p>\n<ul>\n<li><strong>Estradiol : Dermestril (<a href=\"https:\/\/base-donnees-publique.medicaments.gouv.fr\/affichageDoc.php?specid=64833859&amp;typedoc=R\">25<\/a> &#8211; <a href=\"https:\/\/base-donnees-publique.medicaments.gouv.fr\/affichageDoc.php?specid=65662980&amp;typedoc=R\">50<\/a> &#8211; <a href=\"https:\/\/base-donnees-publique.medicaments.gouv.fr\/affichageDoc.php?specid=66501802&amp;typedoc=R\">100<\/a> microgrammes)<\/strong><strong>, <\/strong><strong>Thais (<a href=\"https:\/\/base-donnees-publique.medicaments.gouv.fr\/affichageDoc.php?specid=66283307&amp;typedoc=R\">25<\/a> &#8211; <a href=\"https:\/\/base-donnees-publique.medicaments.gouv.fr\/affichageDoc.php?specid=63436228&amp;typedoc=R\">50<\/a> microgrammes), Femsept (<a href=\"https:\/\/base-donnees-publique.medicaments.gouv.fr\/affichageDoc.php?specid=65001897&amp;typedoc=R\">50<\/a> &#8211; <a href=\"https:\/\/base-donnees-publique.medicaments.gouv.fr\/affichageDoc.php?specid=65982642&amp;typedoc=R\">75<\/a> &#8211; <a href=\"https:\/\/base-donnees-publique.medicaments.gouv.fr\/affichageDoc.php?specid=67144004&amp;typedoc=R\">100<\/a> microgrammes)<br \/><\/strong><\/li>\n<li>Posologie : initialement 25 \u00e0 50 \u03bcg \/ jour (application des patchs bi-hebdomadaire), jusque 200 \u03bcg \/ jour (2 patchs de 100 \u03bcg appliqu\u00e9s 2 fois par semaine, soit 4 patchs par semaine)<\/li>\n<li>Peuvent e\u0302tre mal supporte\u0301s et entrainer des irritations cutane\u0301es lie\u0301es a\u0300 l&rsquo;adhe\u0301sif<\/li>\n<li>Gal\u00e9nique rapidement limitante si dose insuffisante<\/li>\n<\/ul>\n<p><strong>\u261e<\/strong> La posologie est <strong>\u00e0 ajuster<\/strong> selon les effets d\u00e9sir\u00e9s, le ressenti, la tol\u00e9rance et le taux d&rsquo;\u0153stradiol (normes <u>th\u00e9oriques<\/u> pour un d\u00e9but de THS \u00e0 100 pg\/mL, puis entre 200 et 300 pg\/mL, objectif de testost\u00e9ron\u00e9mie &lt; 0,5 ng\/mL)<\/p>\n<p>Signes de surdosage : jambes lourdes, gonflement et douleur au niveau des seins.<\/p>\n<p>Signes de sous-dosage : bouff\u00e9es de chaleur, asth\u00e9nie en fin de dose.<\/p>\n<p>\t\t\t\t\t\t\t\t\t\t\t\t<a tabindex=\"0\">Effets ind\u00e9sirables<\/a><\/p>\n<p>Fr\u00e9quence augment\u00e9e :<\/p>\n<ul>\n<li>Thromboembolie veineuse<\/li>\n<li>Calculs biliaires<\/li>\n<li>Augmentation des enzymes he\u0301patiques<\/li>\n<li>Prise de poids<\/li>\n<li>Hypertriglyce\u0301ride\u0301mie<\/li>\n<\/ul>\n<p>Fr\u00e9quence peu augment\u00e9e :<\/p>\n<ul>\n<li>Hypertension<\/li>\n<li>Hyperprolactine\u0301mie ou prolactinome<\/li>\n<\/ul>\n<p>Possibles en pr\u00e9sence de facteurs de risque additionnels :<\/p>\n<ul>\n<li>Diab\u00e8te de type 2<\/li>\n<li>Maladies cardio-vasculaires<\/li>\n<\/ul>\n<p>\t\t\t\t\t\t\t\t\t\t\t\t<a tabindex=\"0\">Suivi clinico-biologique<\/a><\/p>\n<p><strong>Consultation a\u0300 M3, M6<\/strong> <strong>puis tous les 6 mois :<\/strong><\/p>\n<ul>\n<li>Bilan des effets attendus, rechercher d&rsquo;\u00e9ventuels effets ind\u00e9sirables<\/li>\n<li>Modalite\u0301s d\u2019utilisation en fonction de la forme gale\u0301nique<\/li>\n<li>TA<\/li>\n<li>Poids<\/li>\n<\/ul>\n<p><strong>Bilan \u00e0 M3 :<\/strong><\/p>\n<ul>\n<li>Testost\u00e9rone<\/li>\n<li>\u0152stradiol<\/li>\n<li>Bilan lipidique<\/li>\n<li>Glyce\u0301mie \u00e0 jeun<\/li>\n<li>ASAT, ALAT,<\/li>\n<li>GGT, PAL\u00a0<\/li>\n<\/ul>\n<p><strong>Bilan \u00e0 M6, M12 puis annuel<\/strong> :<\/p>\n<ul>\n<li>Testoste\u0301rone<\/li>\n<li>\u0152stradiol<\/li>\n<li>FSH \/ LH<\/li>\n<li>ASAT, ALAT<\/li>\n<li>GGT, PAL<\/li>\n<li>Bilan lipidique\u00a0<\/li>\n<li>Glyce\u0301mie \u00e0 jeun<\/li>\n<\/ul>\n<p>\t\t\t\t\t\t\t\t\t\t\t\t<a tabindex=\"0\">Traitements compl\u00e9mentaires \u00e0 discuter<\/a><\/p>\n<p><a href=\"https:\/\/base-donnees-publique.medicaments.gouv.fr\/affichageDoc.php?specid=62075038&amp;typedoc=R\"><strong>Progest\u00e9rone 100 mg<\/strong><\/a> (<strong><a href=\"https:\/\/base-donnees-publique.medicaments.gouv.fr\/affichageDoc.php?specid=61673424&amp;typedoc=R\">Utrogestan 100 mg<\/a>, <a href=\"https:\/\/base-donnees-publique.medicaments.gouv.fr\/affichageDoc.php?specid=63393104&amp;typedoc=R\">Progestan 100mg<\/a><\/strong>) : 1 \u00e0 2 capsule(s) \/ jour le soir, jusqu&rsquo;\u00e0 400 mg.<\/p>\n<ul>\n<li>Aide a\u0300 abaisser la testost\u00e9ron\u00e9mie en comple\u0301ment de l\u2019\u0153stroge\u0300ne<\/li>\n<li>\u26a0 Effets d\u00e9battus :\n<ul>\n<li>Favorisait une meilleure r\u00e9partition des graisses<\/li>\n<li>Favorisait un d\u00e9veloppement de la poitrine avec une forme plus harmonieuse<\/li>\n<li>Effets anxiolytiques et se\u0301datif<\/li>\n<li>Permettrait de r\u00e9duire les \u00e9tats d\u00e9pressifs fr\u00e9quents dus aux changements des taux hormonaux<\/li>\n<\/ul>\n<\/li>\n<\/ul>\n<p><strong>Anti-androg\u00e8nes<\/strong> : la prise d\u2019\u0153stroge\u0300nes et de progeste\u0301rone a aussi des effets anti-androge\u0301niques, et pour cette raison, la prise d\u2019anti-androge\u0300nes peut s\u2019ave\u0301rer inutile. Toutefois, certaines personnes trans sont en demande de ce type de traitement compl\u00e9mentaire afin d&rsquo;obtenir un taux de testost\u00e9rone similaire \u00e0 celui d&rsquo;une <a href=\"https:\/\/i473ybezth.preview.infomaniak.website\/index.php\/lexique\/\">femme cis<\/a>.<\/p>\n<ul>\n<li>Triptor\u00e9line (<a href=\"https:\/\/base-donnees-publique.medicaments.gouv.fr\/affichageDoc.php?specid=67772596&amp;typedoc=R\">Decapeptyl 11,25 mg<\/a>) :\n<ul>\n<li>1 injection IM tous les 3 mois<\/li>\n<li>Bloque la production de testost\u00e9rone car agoniste de la GnRH<\/li>\n<li>Peu d&rsquo;effets secondaires et bien tol\u00e9r\u00e9<\/li>\n<li>\u26a0 Effet flare-up initial<\/li>\n<\/ul>\n<\/li>\n<li><a href=\"https:\/\/base-donnees-publique.medicaments.gouv.fr\/affichageDoc.php?specid=65819809&amp;typedoc=R\">Bicalutamide 50 mg<\/a> :\n<ul>\n<li>Bloqueur des r\u00e9cepteurs androg\u00e9niques<\/li>\n<li>Tr\u00e8s bonne efficacit\u00e9, peu d&rsquo;effets secondaires<\/li>\n<li>\u26a0 N\u00e9cessite la surveillance des ASAT, ALAT, GGT<\/li>\n<\/ul>\n<\/li>\n<\/ul>\n<p>\t\t\t\t\t\t\t\t\t\t\t\t<a tabindex=\"0\">Traitements d\u00e9conseill\u00e9s<\/a><\/p>\n<p>\u0152strog\u00e8nes (ethinylestradiol) par voie orale : entre 1 et 6 mg\/j<\/p>\n<ul>\n<li><a href=\"https:\/\/base-donnees-publique.medicaments.gouv.fr\/affichageDoc.php?specid=65421374&amp;typedoc=R\">Provames 2 mg<\/a>, <a href=\"https:\/\/base-donnees-publique.medicaments.gouv.fr\/affichageDoc.php?specid=64183183&amp;typedoc=R\"><em>Estrofem 2 mg<\/em><\/a><em> (arr\u00eat de commercialisation)<\/em><\/li>\n<li>\u26a0 Effet de premier passage h\u00e9patique donc augmentation du risque de MTEV et d&rsquo;accidents cardio-vasculaires<\/li>\n<\/ul>\n<p>Anti-androg\u00e8nes :<\/p>\n<ul>\n<li>Finasteride (<a href=\"https:\/\/base-donnees-publique.medicaments.gouv.fr\/affichageDoc.php?specid=67954321&amp;typedoc=R\">Chibro-proscar 5 mg<\/a> ou <a href=\"https:\/\/base-donnees-publique.medicaments.gouv.fr\/affichageDoc.php?specid=60580369&amp;typedoc=R\">Propecia 1 mg<\/a>) 0,25 \u00e0 2 mg \/j :\n<ul>\n<li>Anti-androg\u00e8ne l\u00e9ger qui ne bloque pas la testost\u00e9rone<\/li>\n<li>Parfois prescrit en cas de chute de cheveux<\/li>\n<li>En the\u0301orie inutile une fois la testost\u00e9rone abaisse\u0301e<\/li>\n<\/ul>\n<\/li>\n<li><a href=\"https:\/\/base-donnees-publique.medicaments.gouv.fr\/affichageDoc.php?specid=61938189&amp;typedoc=R\">Spironolactone<\/a> 100 a\u0300 200 mg \/ j en 1 prise en dosage initial, peut monter jusqu\u2019a\u0300 400 mg :\n<ul>\n<li>Diur\u00e9tique avec un effet anti-androg\u00e8ne faible<\/li>\n<li>Pas d\u2019effet sur la production de testoste\u0301rone, bloque les re\u0301cepteurs<\/li>\n<li>\u26a0 Risque d&rsquo;hyperkali\u00e9mie<\/li>\n<\/ul>\n<\/li>\n<li>Ac\u00e9tate de cyprot\u00e9rone seul (<a href=\"https:\/\/base-donnees-publique.medicaments.gouv.fr\/affichageDoc.php?specid=61255738&amp;typedoc=R\">Androcur<\/a>) :\n<ul>\n<li>Progestatif<\/li>\n<li>Action anti-androge\u0301nique efficace de\u0300s 6 ou 12 mg\/j<\/li>\n<li>\u26a0 Risques de m\u00e9ningiome, toxicit\u00e9 h\u00e9patique, tumeurs h\u00e9patiques, \u00e9v\u00e8nements trombo-emboliques art\u00e9riels ou veineux, perte de libido, \u00e9tat d\u00e9pressif<\/li>\n<li><strong>IRM obligatoire<\/strong><\/li>\n<\/ul>\n<\/li>\n<li>Ac\u00e9tate de ciprot\u00e9rone associ\u00e9 \u00e0 l&rsquo;ethinylestradiol (<a href=\"https:\/\/base-donnees-publique.medicaments.gouv.fr\/affichageDoc.php?specid=64066269&amp;typedoc=R\">Diane 35<\/a>, <a href=\"https:\/\/base-donnees-publique.medicaments.gouv.fr\/affichageDoc.php?specid=61847608&amp;typedoc=R\">Climene<\/a>)<\/li>\n<\/ul>\n<p>\t\t\t<a href=\"https:\/\/i473ybezth.preview.infomaniak.website\/index.php\/bibliographie\/\"><br \/>\n\t\t\t\t\t\t<\/a><\/p>\n<p><a href=\"https:\/\/outrans.org\/wp-content\/uploads\/2017\/09\/OUTrans_Hormones_et_parcours_trans.pdf\">Outrans<\/a>, <a href=\"https:\/\/www.wpath.org\/media\/cms\/Documents\/SOC%20v7\/SOC%20V7_French.pdf\">WPATH<\/a>, Protocole de sant\u00e9 trans de la Maison Dispers\u00e9e de Sant\u00e9 de Lille-Moulins, <a href=\"https:\/\/wikitrans.co\/ths\/fem\/\">Wikitrans (1)<\/a> \/ <a href=\"https:\/\/wikitrans.co\/ths\/fem\/anti-androgenes\/decapeptyl\/\">(2)<\/a> \/ <a href=\"https:\/\/wikitrans.co\/ths\/fem\/anti-androgenes\/bicalutamide\/\">(3)<\/a>, <a href=\"https:\/\/transpos\u00e9es.eu\/parcours:parcours-feminisant:parcours-feminisant\">Trans pos\u00e9\u00b7e\u00b7s<\/a>, <a href=\"https:\/\/transpos\u00e9es.eu\/_media\/genres-pluriels_th-feminisant.pdf\">Genres Pluriels<\/a>, <a href=\"https:\/\/www.acceptess-t.com\/transition-feminine\">Acceptess-T<\/a>, <a href=\"https:\/\/acommealliees.ca\/pdf\/Guidelines-and-Protocols-for-Comprehensive-Primary-Care-for-Trans-Clients-2015.pdf\">Guidelines and protocols for hormone therapy and primary health care for trans clients (Sherlbourne Health Center)<\/a>, <a href=\"https:\/\/reseausantetrans.wixsite.com\/rest\/actualites\">ReST<\/a>, <a href=\"https:\/\/www.rainbowhealthontario.ca\/wp-content\/uploads\/2020\/10\/QRG_full_rev2021.pdf\">Rainbow Health Ontario<\/a>, <a href=\"https:\/\/www.acpjournals.org\/doi\/10.7326\/L19-0533\">Annal of Internal Medicine 2019<\/a><\/p>\n<h6 align=\"right\"><i><p class=\"ocean-last-modified\">Derni\u00e8re modification le 11 septembre 2023<\/p><\/i><\/h6>\n","protected":false},"excerpt":{"rendered":"<p>Avertissement Dans le cadre de la transidentit\u00e9, les traitements pr\u00e9sent\u00e9s ici sont hors AMM, mais il existe une tol\u00e9rance de la CPAM concernant les remboursements. &times; Ignorer cette alerte. \u261e Consentement \u00e9clair\u00e9 de la personne indispensable. Bilan biologique initial disponible ici. Effets attendus et d\u00e9lais apparition des bourgeons mammaires et d\u00e9veloppement de la poitrine (3 [&hellip;]<\/p>\n","protected":false},"author":1,"featured_media":0,"parent":0,"menu_order":0,"comment_status":"closed","ping_status":"closed","template":"","meta":{"_seopress_robots_primary_cat":"","_seopress_titles_title":"%%post_title%%","_seopress_titles_desc":"Informations concernant la prescription d&#039;un traitement hormonal substitutif f\u00e9minisant dans le cadre d&#039;une transition de genre","_seopress_robots_index":"","_seopress_analysis_target_kw":"transition MtF hormones,traitement hormonal f\u00e9minisant,transidentit\u00e9 hormones f\u00e9minisantes,oestrog\u00e8nes transgenre,oestrog\u00e8nes transidentit\u00e9,estrog\u00e8ne transgenre,estrog\u00e8ne transitentit\u00e9,prescription traitement hormonal f\u00e9minisant,transidentit\u00e9 prescription traitement f\u00e9minisant,hormonoth\u00e9rapie f\u00e9minisante,hormonoth\u00e9rapie f\u00e9minisante transidentit\u00e9,hormonoth\u00e9rapie f\u00e9minisante transgenre,estradiol transgenre,estradiol transidentit\u00e9,estradiol transgenre prescription,estradiol transidentit\u00e9 prescription,traitement hormonal substitutif f\u00e9minisant,transidentit\u00e9 traitement hormonal f\u00e9minisant,transgenre traitement hormonal f\u00e9minisant,transgenre prescription traitement f\u00e9minisant","ocean_post_layout":"","ocean_both_sidebars_style":"","ocean_both_sidebars_content_width":0,"ocean_both_sidebars_sidebars_width":0,"ocean_sidebar":"0","ocean_second_sidebar":"0","ocean_disable_margins":"enable","ocean_add_body_class":"","ocean_shortcode_before_top_bar":"","ocean_shortcode_after_top_bar":"","ocean_shortcode_before_header":"","ocean_shortcode_after_header":"","ocean_has_shortcode":"","ocean_shortcode_after_title":"","ocean_shortcode_before_footer_widgets":"","ocean_shortcode_after_footer_widgets":"","ocean_shortcode_before_footer_bottom":"","ocean_shortcode_after_footer_bottom":"","ocean_display_top_bar":"default","ocean_display_header":"default","ocean_header_style":"","ocean_center_header_left_menu":"0","ocean_custom_header_template":"0","ocean_custom_logo":0,"ocean_custom_retina_logo":0,"ocean_custom_logo_max_width":0,"ocean_custom_logo_tablet_max_width":0,"ocean_custom_logo_mobile_max_width":0,"ocean_custom_logo_max_height":0,"ocean_custom_logo_tablet_max_height":0,"ocean_custom_logo_mobile_max_height":0,"ocean_header_custom_menu":"0","ocean_menu_typo_font_family":"0","ocean_menu_typo_font_subset":"","ocean_menu_typo_font_size":0,"ocean_menu_typo_font_size_tablet":0,"ocean_menu_typo_font_size_mobile":0,"ocean_menu_typo_font_size_unit":"px","ocean_menu_typo_font_weight":"","ocean_menu_typo_font_weight_tablet":"","ocean_menu_typo_font_weight_mobile":"","ocean_menu_typo_transform":"","ocean_menu_typo_transform_tablet":"","ocean_menu_typo_transform_mobile":"","ocean_menu_typo_line_height":0,"ocean_menu_typo_line_height_tablet":0,"ocean_menu_typo_line_height_mobile":0,"ocean_menu_typo_line_height_unit":"","ocean_menu_typo_spacing":0,"ocean_menu_typo_spacing_tablet":0,"ocean_menu_typo_spacing_mobile":0,"ocean_menu_typo_spacing_unit":"","ocean_menu_link_color":"","ocean_menu_link_color_hover":"","ocean_menu_link_color_active":"","ocean_menu_link_background":"","ocean_menu_link_hover_background":"","ocean_menu_link_active_background":"","ocean_menu_social_links_bg":"","ocean_menu_social_hover_links_bg":"","ocean_menu_social_links_color":"","ocean_menu_social_hover_links_color":"","ocean_disable_title":"default","ocean_disable_heading":"default","ocean_post_title":"","ocean_post_subheading":"","ocean_post_title_style":"","ocean_post_title_background_color":"","ocean_post_title_background":0,"ocean_post_title_bg_image_position":"","ocean_post_title_bg_image_attachment":"","ocean_post_title_bg_image_repeat":"","ocean_post_title_bg_image_size":"","ocean_post_title_height":0,"ocean_post_title_bg_overlay":0.5,"ocean_post_title_bg_overlay_color":"","ocean_disable_breadcrumbs":"default","ocean_breadcrumbs_color":"","ocean_breadcrumbs_separator_color":"","ocean_breadcrumbs_links_color":"","ocean_breadcrumbs_links_hover_color":"","ocean_display_footer_widgets":"default","ocean_display_footer_bottom":"default","ocean_custom_footer_template":"0","footnotes":""},"class_list":["post-876","page","type-page","status-publish","hentry","entry"],"_links":{"self":[{"href":"https:\/\/transidenticlic.com\/index.php\/wp-json\/wp\/v2\/pages\/876","targetHints":{"allow":["GET"]}}],"collection":[{"href":"https:\/\/transidenticlic.com\/index.php\/wp-json\/wp\/v2\/pages"}],"about":[{"href":"https:\/\/transidenticlic.com\/index.php\/wp-json\/wp\/v2\/types\/page"}],"author":[{"embeddable":true,"href":"https:\/\/transidenticlic.com\/index.php\/wp-json\/wp\/v2\/users\/1"}],"replies":[{"embeddable":true,"href":"https:\/\/transidenticlic.com\/index.php\/wp-json\/wp\/v2\/comments?post=876"}],"version-history":[{"count":367,"href":"https:\/\/transidenticlic.com\/index.php\/wp-json\/wp\/v2\/pages\/876\/revisions"}],"predecessor-version":[{"id":2544,"href":"https:\/\/transidenticlic.com\/index.php\/wp-json\/wp\/v2\/pages\/876\/revisions\/2544"}],"wp:attachment":[{"href":"https:\/\/transidenticlic.com\/index.php\/wp-json\/wp\/v2\/media?parent=876"}],"curies":[{"name":"wp","href":"https:\/\/api.w.org\/{rel}","templated":true}]}}